{"id":4078,"date":"2021-06-02T11:00:52","date_gmt":"2021-06-02T08:00:52","guid":{"rendered":"https:\/\/www.ruokkeenlomakyla.fi\/product\/fruhstuck\/"},"modified":"2021-06-02T11:00:52","modified_gmt":"2021-06-02T08:00:52","slug":"fruhstuck","status":"publish","type":"product","link":"https:\/\/www.ruokkeenlomakyla.fi\/de\/produkt\/fruhstuck\/","title":{"rendered":"Fr\u00fchst\u00fcck"},"content":{"rendered":"<p>Das Restaurant des Feriendorfes ist vom 1.5. \u2013 30.9. T\u00e4glich und zu anderen Zeiten nach Vereinbarung ge\u00f6ffnet. Das Restaurant serviert Fr\u00fchst\u00fcck von 09:00 bis 10:30 Uhr<\/p>\n","protected":false},"excerpt":{"rendered":"<p>Das Restaurant des Feriendorfes ist vom 1.5. \u2013 30.9. T\u00e4glich und zu anderen Zeiten nach Vereinbarung ge\u00f6ffnet. Das Restaurant serviert Fr\u00fchst\u00fcck von 09:00&#8230;<\/p>\n","protected":false},"featured_media":457,"template":"","meta":[],"product_brand":[],"product_cat":[205],"product_tag":[],"class_list":{"0":"post-4078","1":"product","2":"type-product","3":"status-publish","4":"has-post-thumbnail","6":"product_cat-unterkunftsbezogen","8":"first","9":"instock","10":"virtual","11":"sold-individually","12":"taxable","13":"purchasable","14":"product-type-booking"},"yoast_head":"<!-- This site is optimized with the Yoast SEO plugin v27.3 - https:\/\/yoast.com\/product\/yoast-seo-wordpress\/ -->\n<title>Fr\u00fchst\u00fcck - Ruokkeen Lomakyl\u00e4<\/title>\n<meta name=\"robots\" content=\"index, follow, max-snippet:-1, max-image-preview:large, max-video-preview:-1\" \/>\n<link rel=\"canonical\" href=\"https:\/\/www.ruokkeenlomakyla.fi\/de\/produkt\/fruhstuck\/\" \/>\n<meta property=\"og:locale\" content=\"de_DE\" \/>\n<meta property=\"og:type\" content=\"article\" \/>\n<meta property=\"og:title\" content=\"Fr\u00fchst\u00fcck - Ruokkeen Lomakyl\u00e4\" \/>\n<meta property=\"og:description\" content=\"Das Restaurant des Feriendorfes ist vom 1.5. \u2013 30.9. T\u00e4glich und zu anderen Zeiten nach Vereinbarung ge\u00f6ffnet. Das Restaurant serviert Fr\u00fchst\u00fcck von 09:00...\" \/>\n<meta property=\"og:url\" content=\"https:\/\/www.ruokkeenlomakyla.fi\/de\/produkt\/fruhstuck\/\" \/>\n<meta property=\"og:site_name\" content=\"Ruokkeen Lomakyl\u00e4\" \/>\n<meta property=\"article:publisher\" content=\"https:\/\/www.facebook.com\/ruokkee\" \/>\n<meta property=\"og:image\" content=\"https:\/\/www.ruokkeenlomakyla.fi\/wp-content\/uploads\/2021\/01\/20170812_100500_muokattu-scaled.jpg\" \/>\n\t<meta property=\"og:image:width\" content=\"2560\" \/>\n\t<meta property=\"og:image:height\" content=\"1920\" \/>\n\t<meta property=\"og:image:type\" content=\"image\/jpeg\" \/>\n<meta name=\"twitter:card\" content=\"summary_large_image\" \/>\n<script type=\"application\/ld+json\" class=\"yoast-schema-graph\">{\"@context\":\"https:\\\/\\\/schema.org\",\"@graph\":[{\"@type\":\"WebPage\",\"@id\":\"https:\\\/\\\/www.ruokkeenlomakyla.fi\\\/de\\\/produkt\\\/fruhstuck\\\/\",\"url\":\"https:\\\/\\\/www.ruokkeenlomakyla.fi\\\/de\\\/produkt\\\/fruhstuck\\\/\",\"name\":\"Fr\u00fchst\u00fcck - Ruokkeen Lomakyl\u00e4\",\"isPartOf\":{\"@id\":\"https:\\\/\\\/www.ruokkeenlomakyla.fi\\\/de\\\/#website\"},\"primaryImageOfPage\":{\"@id\":\"https:\\\/\\\/www.ruokkeenlomakyla.fi\\\/de\\\/produkt\\\/fruhstuck\\\/#primaryimage\"},\"image\":{\"@id\":\"https:\\\/\\\/www.ruokkeenlomakyla.fi\\\/de\\\/produkt\\\/fruhstuck\\\/#primaryimage\"},\"thumbnailUrl\":\"https:\\\/\\\/www.ruokkeenlomakyla.fi\\\/wp-content\\\/uploads\\\/2021\\\/01\\\/20170812_100500_muokattu-scaled.jpg\",\"datePublished\":\"2021-06-02T08:00:52+00:00\",\"breadcrumb\":{\"@id\":\"https:\\\/\\\/www.ruokkeenlomakyla.fi\\\/de\\\/produkt\\\/fruhstuck\\\/#breadcrumb\"},\"inLanguage\":\"de\",\"potentialAction\":[{\"@type\":\"ReadAction\",\"target\":[\"https:\\\/\\\/www.ruokkeenlomakyla.fi\\\/de\\\/produkt\\\/fruhstuck\\\/\"]}]},{\"@type\":\"ImageObject\",\"inLanguage\":\"de\",\"@id\":\"https:\\\/\\\/www.ruokkeenlomakyla.fi\\\/de\\\/produkt\\\/fruhstuck\\\/#primaryimage\",\"url\":\"https:\\\/\\\/www.ruokkeenlomakyla.fi\\\/wp-content\\\/uploads\\\/2021\\\/01\\\/20170812_100500_muokattu-scaled.jpg\",\"contentUrl\":\"https:\\\/\\\/www.ruokkeenlomakyla.fi\\\/wp-content\\\/uploads\\\/2021\\\/01\\\/20170812_100500_muokattu-scaled.jpg\",\"width\":2560,\"height\":1920},{\"@type\":\"BreadcrumbList\",\"@id\":\"https:\\\/\\\/www.ruokkeenlomakyla.fi\\\/de\\\/produkt\\\/fruhstuck\\\/#breadcrumb\",\"itemListElement\":[{\"@type\":\"ListItem\",\"position\":1,\"name\":\"Startseite\",\"item\":\"https:\\\/\\\/www.ruokkeenlomakyla.fi\\\/de\\\/\"},{\"@type\":\"ListItem\",\"position\":2,\"name\":\"Fr\u00fchst\u00fcck\"}]},{\"@type\":\"WebSite\",\"@id\":\"https:\\\/\\\/www.ruokkeenlomakyla.fi\\\/de\\\/#website\",\"url\":\"https:\\\/\\\/www.ruokkeenlomakyla.fi\\\/de\\\/\",\"name\":\"Ruokkeen Lomakyl\u00e4\",\"description\":\"\",\"publisher\":{\"@id\":\"https:\\\/\\\/www.ruokkeenlomakyla.fi\\\/de\\\/#organization\"},\"potentialAction\":[{\"@type\":\"SearchAction\",\"target\":{\"@type\":\"EntryPoint\",\"urlTemplate\":\"https:\\\/\\\/www.ruokkeenlomakyla.fi\\\/de\\\/?s={search_term_string}\"},\"query-input\":{\"@type\":\"PropertyValueSpecification\",\"valueRequired\":true,\"valueName\":\"search_term_string\"}}],\"inLanguage\":\"de\"},{\"@type\":\"Organization\",\"@id\":\"https:\\\/\\\/www.ruokkeenlomakyla.fi\\\/de\\\/#organization\",\"name\":\"Ruokkeen Lomakyl\u00e4\",\"url\":\"https:\\\/\\\/www.ruokkeenlomakyla.fi\\\/de\\\/\",\"logo\":{\"@type\":\"ImageObject\",\"inLanguage\":\"de\",\"@id\":\"https:\\\/\\\/www.ruokkeenlomakyla.fi\\\/de\\\/#\\\/schema\\\/logo\\\/image\\\/\",\"url\":\"https:\\\/\\\/www.ruokkeenlomakyla.fi\\\/wp-content\\\/uploads\\\/2021\\\/04\\\/logo.jpg\",\"contentUrl\":\"https:\\\/\\\/www.ruokkeenlomakyla.fi\\\/wp-content\\\/uploads\\\/2021\\\/04\\\/logo.jpg\",\"width\":768,\"height\":133,\"caption\":\"Ruokkeen Lomakyl\u00e4\"},\"image\":{\"@id\":\"https:\\\/\\\/www.ruokkeenlomakyla.fi\\\/de\\\/#\\\/schema\\\/logo\\\/image\\\/\"},\"sameAs\":[\"https:\\\/\\\/www.facebook.com\\\/ruokkee\",\"https:\\\/\\\/www.instagram.com\\\/ruokkee\\\/\"]}]}<\/script>\n<!-- \/ Yoast SEO plugin. -->","yoast_head_json":{"title":"Fr\u00fchst\u00fcck - Ruokkeen Lomakyl\u00e4","robots":{"index":"index","follow":"follow","max-snippet":"max-snippet:-1","max-image-preview":"max-image-preview:large","max-video-preview":"max-video-preview:-1"},"canonical":"https:\/\/www.ruokkeenlomakyla.fi\/de\/produkt\/fruhstuck\/","og_locale":"de_DE","og_type":"article","og_title":"Fr\u00fchst\u00fcck - Ruokkeen Lomakyl\u00e4","og_description":"Das Restaurant des Feriendorfes ist vom 1.5. \u2013 30.9. T\u00e4glich und zu anderen Zeiten nach Vereinbarung ge\u00f6ffnet. Das Restaurant serviert Fr\u00fchst\u00fcck von 09:00...","og_url":"https:\/\/www.ruokkeenlomakyla.fi\/de\/produkt\/fruhstuck\/","og_site_name":"Ruokkeen Lomakyl\u00e4","article_publisher":"https:\/\/www.facebook.com\/ruokkee","og_image":[{"width":2560,"height":1920,"url":"https:\/\/www.ruokkeenlomakyla.fi\/wp-content\/uploads\/2021\/01\/20170812_100500_muokattu-scaled.jpg","type":"image\/jpeg"}],"twitter_card":"summary_large_image","schema":{"@context":"https:\/\/schema.org","@graph":[{"@type":"WebPage","@id":"https:\/\/www.ruokkeenlomakyla.fi\/de\/produkt\/fruhstuck\/","url":"https:\/\/www.ruokkeenlomakyla.fi\/de\/produkt\/fruhstuck\/","name":"Fr\u00fchst\u00fcck - Ruokkeen Lomakyl\u00e4","isPartOf":{"@id":"https:\/\/www.ruokkeenlomakyla.fi\/de\/#website"},"primaryImageOfPage":{"@id":"https:\/\/www.ruokkeenlomakyla.fi\/de\/produkt\/fruhstuck\/#primaryimage"},"image":{"@id":"https:\/\/www.ruokkeenlomakyla.fi\/de\/produkt\/fruhstuck\/#primaryimage"},"thumbnailUrl":"https:\/\/www.ruokkeenlomakyla.fi\/wp-content\/uploads\/2021\/01\/20170812_100500_muokattu-scaled.jpg","datePublished":"2021-06-02T08:00:52+00:00","breadcrumb":{"@id":"https:\/\/www.ruokkeenlomakyla.fi\/de\/produkt\/fruhstuck\/#breadcrumb"},"inLanguage":"de","potentialAction":[{"@type":"ReadAction","target":["https:\/\/www.ruokkeenlomakyla.fi\/de\/produkt\/fruhstuck\/"]}]},{"@type":"ImageObject","inLanguage":"de","@id":"https:\/\/www.ruokkeenlomakyla.fi\/de\/produkt\/fruhstuck\/#primaryimage","url":"https:\/\/www.ruokkeenlomakyla.fi\/wp-content\/uploads\/2021\/01\/20170812_100500_muokattu-scaled.jpg","contentUrl":"https:\/\/www.ruokkeenlomakyla.fi\/wp-content\/uploads\/2021\/01\/20170812_100500_muokattu-scaled.jpg","width":2560,"height":1920},{"@type":"BreadcrumbList","@id":"https:\/\/www.ruokkeenlomakyla.fi\/de\/produkt\/fruhstuck\/#breadcrumb","itemListElement":[{"@type":"ListItem","position":1,"name":"Startseite","item":"https:\/\/www.ruokkeenlomakyla.fi\/de\/"},{"@type":"ListItem","position":2,"name":"Fr\u00fchst\u00fcck"}]},{"@type":"WebSite","@id":"https:\/\/www.ruokkeenlomakyla.fi\/de\/#website","url":"https:\/\/www.ruokkeenlomakyla.fi\/de\/","name":"Ruokkeen Lomakyl\u00e4","description":"","publisher":{"@id":"https:\/\/www.ruokkeenlomakyla.fi\/de\/#organization"},"potentialAction":[{"@type":"SearchAction","target":{"@type":"EntryPoint","urlTemplate":"https:\/\/www.ruokkeenlomakyla.fi\/de\/?s={search_term_string}"},"query-input":{"@type":"PropertyValueSpecification","valueRequired":true,"valueName":"search_term_string"}}],"inLanguage":"de"},{"@type":"Organization","@id":"https:\/\/www.ruokkeenlomakyla.fi\/de\/#organization","name":"Ruokkeen Lomakyl\u00e4","url":"https:\/\/www.ruokkeenlomakyla.fi\/de\/","logo":{"@type":"ImageObject","inLanguage":"de","@id":"https:\/\/www.ruokkeenlomakyla.fi\/de\/#\/schema\/logo\/image\/","url":"https:\/\/www.ruokkeenlomakyla.fi\/wp-content\/uploads\/2021\/04\/logo.jpg","contentUrl":"https:\/\/www.ruokkeenlomakyla.fi\/wp-content\/uploads\/2021\/04\/logo.jpg","width":768,"height":133,"caption":"Ruokkeen Lomakyl\u00e4"},"image":{"@id":"https:\/\/www.ruokkeenlomakyla.fi\/de\/#\/schema\/logo\/image\/"},"sameAs":["https:\/\/www.facebook.com\/ruokkee","https:\/\/www.instagram.com\/ruokkee\/"]}]}},"_links":{"self":[{"href":"https:\/\/www.ruokkeenlomakyla.fi\/de\/wp-json\/wp\/v2\/product\/4078","targetHints":{"allow":["GET"]}}],"collection":[{"href":"https:\/\/www.ruokkeenlomakyla.fi\/de\/wp-json\/wp\/v2\/product"}],"about":[{"href":"https:\/\/www.ruokkeenlomakyla.fi\/de\/wp-json\/wp\/v2\/types\/product"}],"wp:featuredmedia":[{"embeddable":true,"href":"https:\/\/www.ruokkeenlomakyla.fi\/de\/wp-json\/wp\/v2\/media\/457"}],"wp:attachment":[{"href":"https:\/\/www.ruokkeenlomakyla.fi\/de\/wp-json\/wp\/v2\/media?parent=4078"}],"wp:term":[{"taxonomy":"product_brand","embeddable":true,"href":"https:\/\/www.ruokkeenlomakyla.fi\/de\/wp-json\/wp\/v2\/product_brand?post=4078"},{"taxonomy":"product_cat","embeddable":true,"href":"https:\/\/www.ruokkeenlomakyla.fi\/de\/wp-json\/wp\/v2\/product_cat?post=4078"},{"taxonomy":"product_tag","embeddable":true,"href":"https:\/\/www.ruokkeenlomakyla.fi\/de\/wp-json\/wp\/v2\/product_tag?post=4078"}],"curies":[{"name":"wp","href":"https:\/\/api.w.org\/{rel}","templated":true}]}}