{"id":2125,"date":"2021-03-16T16:42:47","date_gmt":"2021-03-16T14:42:47","guid":{"rendered":"https:\/\/www.ruokkeenlomakyla.fi\/product\/ferienhaeuser-nr-4\/"},"modified":"2021-04-20T10:29:46","modified_gmt":"2021-04-20T07:29:46","slug":"ferienhaeuser-nr-4","status":"publish","type":"product","link":"https:\/\/www.ruokkeenlomakyla.fi\/de\/produkt\/ferienhaeuser-nr-4\/","title":{"rendered":"Ferienh\u00e4user Nr. 4"},"content":{"rendered":"<p>Die Ferienh\u00e4user stehen den G\u00e4sten am Anreisetag <strong>ab 16:00 Uhr<\/strong> und am Abreisetag <strong>bis 12:00 Uhr<\/strong> zur Verf\u00fcgung. Bettw\u00e4sche nicht einbegriffen. Das Ferienhaus muss im gleichen Zustand wie bei Ankunft vorgefunden verlassen werden. Auf Wunsch kann man eine Endreinigung bestellen. Die Reinigung kostet je nach Gr\u00f6\u00dfe des Ferienhauses 50-75 \u20ac.<\/p>\n","protected":false},"excerpt":{"rendered":"<p>Die Ferienh\u00e4user stehen den G\u00e4sten am Anreisetag ab 16:00 Uhr und am Abreisetag bis 12:00 Uhr zur Verf\u00fcgung. Bettw\u00e4sche nicht einbegriffen. Das Ferienhaus&#8230;<\/p>\n","protected":false},"featured_media":304,"template":"","meta":[],"product_brand":[],"product_cat":[166],"product_tag":[],"class_list":{"0":"post-2125","1":"product","2":"type-product","3":"status-publish","4":"has-post-thumbnail","6":"product_cat-ferienhaus","7":"dg_property_location_type-am-strand","8":"dg_property_premises-1-schlafzimmer-wohnkueche-wc-sauna-waschraum-terrasse","9":"dg_property_equipment-tv-de","10":"dg_property_equipment-wi-fi-de","12":"first","13":"instock","14":"virtual","15":"sold-individually","16":"taxable","17":"purchasable","18":"product-type-booking"},"yoast_head":"<!-- This site is optimized with the Yoast SEO plugin v27.3 - https:\/\/yoast.com\/product\/yoast-seo-wordpress\/ -->\n<title>Ferienh\u00e4user Nr. 4 - Ruokkeen Lomakyl\u00e4<\/title>\n<meta name=\"robots\" content=\"index, follow, max-snippet:-1, max-image-preview:large, max-video-preview:-1\" \/>\n<link rel=\"canonical\" href=\"https:\/\/www.ruokkeenlomakyla.fi\/de\/produkt\/ferienhaeuser-nr-4\/\" \/>\n<meta property=\"og:locale\" content=\"de_DE\" \/>\n<meta property=\"og:type\" content=\"article\" \/>\n<meta property=\"og:title\" content=\"Ferienh\u00e4user Nr. 4 - Ruokkeen Lomakyl\u00e4\" \/>\n<meta property=\"og:description\" content=\"Die Ferienh\u00e4user stehen den G\u00e4sten am Anreisetag ab 16:00 Uhr und am Abreisetag bis 12:00 Uhr zur Verf\u00fcgung. Bettw\u00e4sche nicht einbegriffen. Das Ferienhaus...\" \/>\n<meta property=\"og:url\" content=\"https:\/\/www.ruokkeenlomakyla.fi\/de\/produkt\/ferienhaeuser-nr-4\/\" \/>\n<meta property=\"og:site_name\" content=\"Ruokkeen Lomakyl\u00e4\" \/>\n<meta property=\"article:publisher\" content=\"https:\/\/www.facebook.com\/ruokkee\" \/>\n<meta property=\"article:modified_time\" content=\"2021-04-20T07:29:46+00:00\" \/>\n<meta property=\"og:image\" content=\"https:\/\/www.ruokkeenlomakyla.fi\/wp-content\/uploads\/2021\/01\/Somapirtti-5-1024x621.jpg\" \/>\n\t<meta property=\"og:image:width\" content=\"1024\" \/>\n\t<meta property=\"og:image:height\" content=\"621\" \/>\n\t<meta property=\"og:image:type\" content=\"image\/jpeg\" \/>\n<meta name=\"twitter:card\" content=\"summary_large_image\" \/>\n<script type=\"application\/ld+json\" class=\"yoast-schema-graph\">{\"@context\":\"https:\\\/\\\/schema.org\",\"@graph\":[{\"@type\":\"WebPage\",\"@id\":\"https:\\\/\\\/www.ruokkeenlomakyla.fi\\\/de\\\/produkt\\\/ferienhaeuser-nr-4\\\/\",\"url\":\"https:\\\/\\\/www.ruokkeenlomakyla.fi\\\/de\\\/produkt\\\/ferienhaeuser-nr-4\\\/\",\"name\":\"Ferienh\u00e4user Nr. 4 - Ruokkeen Lomakyl\u00e4\",\"isPartOf\":{\"@id\":\"https:\\\/\\\/www.ruokkeenlomakyla.fi\\\/de\\\/#website\"},\"primaryImageOfPage\":{\"@id\":\"https:\\\/\\\/www.ruokkeenlomakyla.fi\\\/de\\\/produkt\\\/ferienhaeuser-nr-4\\\/#primaryimage\"},\"image\":{\"@id\":\"https:\\\/\\\/www.ruokkeenlomakyla.fi\\\/de\\\/produkt\\\/ferienhaeuser-nr-4\\\/#primaryimage\"},\"thumbnailUrl\":\"https:\\\/\\\/www.ruokkeenlomakyla.fi\\\/wp-content\\\/uploads\\\/2021\\\/01\\\/Somapirtti-5.jpg\",\"datePublished\":\"2021-03-16T14:42:47+00:00\",\"dateModified\":\"2021-04-20T07:29:46+00:00\",\"breadcrumb\":{\"@id\":\"https:\\\/\\\/www.ruokkeenlomakyla.fi\\\/de\\\/produkt\\\/ferienhaeuser-nr-4\\\/#breadcrumb\"},\"inLanguage\":\"de\",\"potentialAction\":[{\"@type\":\"ReadAction\",\"target\":[\"https:\\\/\\\/www.ruokkeenlomakyla.fi\\\/de\\\/produkt\\\/ferienhaeuser-nr-4\\\/\"]}]},{\"@type\":\"ImageObject\",\"inLanguage\":\"de\",\"@id\":\"https:\\\/\\\/www.ruokkeenlomakyla.fi\\\/de\\\/produkt\\\/ferienhaeuser-nr-4\\\/#primaryimage\",\"url\":\"https:\\\/\\\/www.ruokkeenlomakyla.fi\\\/wp-content\\\/uploads\\\/2021\\\/01\\\/Somapirtti-5.jpg\",\"contentUrl\":\"https:\\\/\\\/www.ruokkeenlomakyla.fi\\\/wp-content\\\/uploads\\\/2021\\\/01\\\/Somapirtti-5.jpg\",\"width\":2560,\"height\":1552},{\"@type\":\"BreadcrumbList\",\"@id\":\"https:\\\/\\\/www.ruokkeenlomakyla.fi\\\/de\\\/produkt\\\/ferienhaeuser-nr-4\\\/#breadcrumb\",\"itemListElement\":[{\"@type\":\"ListItem\",\"position\":1,\"name\":\"Startseite\",\"item\":\"https:\\\/\\\/www.ruokkeenlomakyla.fi\\\/de\\\/\"},{\"@type\":\"ListItem\",\"position\":2,\"name\":\"Ferienh\u00e4user Nr. 4\"}]},{\"@type\":\"WebSite\",\"@id\":\"https:\\\/\\\/www.ruokkeenlomakyla.fi\\\/de\\\/#website\",\"url\":\"https:\\\/\\\/www.ruokkeenlomakyla.fi\\\/de\\\/\",\"name\":\"Ruokkeen Lomakyl\u00e4\",\"description\":\"\",\"publisher\":{\"@id\":\"https:\\\/\\\/www.ruokkeenlomakyla.fi\\\/de\\\/#organization\"},\"potentialAction\":[{\"@type\":\"SearchAction\",\"target\":{\"@type\":\"EntryPoint\",\"urlTemplate\":\"https:\\\/\\\/www.ruokkeenlomakyla.fi\\\/de\\\/?s={search_term_string}\"},\"query-input\":{\"@type\":\"PropertyValueSpecification\",\"valueRequired\":true,\"valueName\":\"search_term_string\"}}],\"inLanguage\":\"de\"},{\"@type\":\"Organization\",\"@id\":\"https:\\\/\\\/www.ruokkeenlomakyla.fi\\\/de\\\/#organization\",\"name\":\"Ruokkeen Lomakyl\u00e4\",\"url\":\"https:\\\/\\\/www.ruokkeenlomakyla.fi\\\/de\\\/\",\"logo\":{\"@type\":\"ImageObject\",\"inLanguage\":\"de\",\"@id\":\"https:\\\/\\\/www.ruokkeenlomakyla.fi\\\/de\\\/#\\\/schema\\\/logo\\\/image\\\/\",\"url\":\"https:\\\/\\\/www.ruokkeenlomakyla.fi\\\/wp-content\\\/uploads\\\/2021\\\/04\\\/logo.jpg\",\"contentUrl\":\"https:\\\/\\\/www.ruokkeenlomakyla.fi\\\/wp-content\\\/uploads\\\/2021\\\/04\\\/logo.jpg\",\"width\":768,\"height\":133,\"caption\":\"Ruokkeen Lomakyl\u00e4\"},\"image\":{\"@id\":\"https:\\\/\\\/www.ruokkeenlomakyla.fi\\\/de\\\/#\\\/schema\\\/logo\\\/image\\\/\"},\"sameAs\":[\"https:\\\/\\\/www.facebook.com\\\/ruokkee\",\"https:\\\/\\\/www.instagram.com\\\/ruokkee\\\/\"]}]}<\/script>\n<!-- \/ Yoast SEO plugin. -->","yoast_head_json":{"title":"Ferienh\u00e4user Nr. 4 - Ruokkeen Lomakyl\u00e4","robots":{"index":"index","follow":"follow","max-snippet":"max-snippet:-1","max-image-preview":"max-image-preview:large","max-video-preview":"max-video-preview:-1"},"canonical":"https:\/\/www.ruokkeenlomakyla.fi\/de\/produkt\/ferienhaeuser-nr-4\/","og_locale":"de_DE","og_type":"article","og_title":"Ferienh\u00e4user Nr. 4 - Ruokkeen Lomakyl\u00e4","og_description":"Die Ferienh\u00e4user stehen den G\u00e4sten am Anreisetag ab 16:00 Uhr und am Abreisetag bis 12:00 Uhr zur Verf\u00fcgung. Bettw\u00e4sche nicht einbegriffen. Das Ferienhaus...","og_url":"https:\/\/www.ruokkeenlomakyla.fi\/de\/produkt\/ferienhaeuser-nr-4\/","og_site_name":"Ruokkeen Lomakyl\u00e4","article_publisher":"https:\/\/www.facebook.com\/ruokkee","article_modified_time":"2021-04-20T07:29:46+00:00","og_image":[{"width":1024,"height":621,"url":"https:\/\/www.ruokkeenlomakyla.fi\/wp-content\/uploads\/2021\/01\/Somapirtti-5-1024x621.jpg","type":"image\/jpeg"}],"twitter_card":"summary_large_image","schema":{"@context":"https:\/\/schema.org","@graph":[{"@type":"WebPage","@id":"https:\/\/www.ruokkeenlomakyla.fi\/de\/produkt\/ferienhaeuser-nr-4\/","url":"https:\/\/www.ruokkeenlomakyla.fi\/de\/produkt\/ferienhaeuser-nr-4\/","name":"Ferienh\u00e4user Nr. 4 - Ruokkeen Lomakyl\u00e4","isPartOf":{"@id":"https:\/\/www.ruokkeenlomakyla.fi\/de\/#website"},"primaryImageOfPage":{"@id":"https:\/\/www.ruokkeenlomakyla.fi\/de\/produkt\/ferienhaeuser-nr-4\/#primaryimage"},"image":{"@id":"https:\/\/www.ruokkeenlomakyla.fi\/de\/produkt\/ferienhaeuser-nr-4\/#primaryimage"},"thumbnailUrl":"https:\/\/www.ruokkeenlomakyla.fi\/wp-content\/uploads\/2021\/01\/Somapirtti-5.jpg","datePublished":"2021-03-16T14:42:47+00:00","dateModified":"2021-04-20T07:29:46+00:00","breadcrumb":{"@id":"https:\/\/www.ruokkeenlomakyla.fi\/de\/produkt\/ferienhaeuser-nr-4\/#breadcrumb"},"inLanguage":"de","potentialAction":[{"@type":"ReadAction","target":["https:\/\/www.ruokkeenlomakyla.fi\/de\/produkt\/ferienhaeuser-nr-4\/"]}]},{"@type":"ImageObject","inLanguage":"de","@id":"https:\/\/www.ruokkeenlomakyla.fi\/de\/produkt\/ferienhaeuser-nr-4\/#primaryimage","url":"https:\/\/www.ruokkeenlomakyla.fi\/wp-content\/uploads\/2021\/01\/Somapirtti-5.jpg","contentUrl":"https:\/\/www.ruokkeenlomakyla.fi\/wp-content\/uploads\/2021\/01\/Somapirtti-5.jpg","width":2560,"height":1552},{"@type":"BreadcrumbList","@id":"https:\/\/www.ruokkeenlomakyla.fi\/de\/produkt\/ferienhaeuser-nr-4\/#breadcrumb","itemListElement":[{"@type":"ListItem","position":1,"name":"Startseite","item":"https:\/\/www.ruokkeenlomakyla.fi\/de\/"},{"@type":"ListItem","position":2,"name":"Ferienh\u00e4user Nr. 4"}]},{"@type":"WebSite","@id":"https:\/\/www.ruokkeenlomakyla.fi\/de\/#website","url":"https:\/\/www.ruokkeenlomakyla.fi\/de\/","name":"Ruokkeen Lomakyl\u00e4","description":"","publisher":{"@id":"https:\/\/www.ruokkeenlomakyla.fi\/de\/#organization"},"potentialAction":[{"@type":"SearchAction","target":{"@type":"EntryPoint","urlTemplate":"https:\/\/www.ruokkeenlomakyla.fi\/de\/?s={search_term_string}"},"query-input":{"@type":"PropertyValueSpecification","valueRequired":true,"valueName":"search_term_string"}}],"inLanguage":"de"},{"@type":"Organization","@id":"https:\/\/www.ruokkeenlomakyla.fi\/de\/#organization","name":"Ruokkeen Lomakyl\u00e4","url":"https:\/\/www.ruokkeenlomakyla.fi\/de\/","logo":{"@type":"ImageObject","inLanguage":"de","@id":"https:\/\/www.ruokkeenlomakyla.fi\/de\/#\/schema\/logo\/image\/","url":"https:\/\/www.ruokkeenlomakyla.fi\/wp-content\/uploads\/2021\/04\/logo.jpg","contentUrl":"https:\/\/www.ruokkeenlomakyla.fi\/wp-content\/uploads\/2021\/04\/logo.jpg","width":768,"height":133,"caption":"Ruokkeen Lomakyl\u00e4"},"image":{"@id":"https:\/\/www.ruokkeenlomakyla.fi\/de\/#\/schema\/logo\/image\/"},"sameAs":["https:\/\/www.facebook.com\/ruokkee","https:\/\/www.instagram.com\/ruokkee\/"]}]}},"_links":{"self":[{"href":"https:\/\/www.ruokkeenlomakyla.fi\/de\/wp-json\/wp\/v2\/product\/2125","targetHints":{"allow":["GET"]}}],"collection":[{"href":"https:\/\/www.ruokkeenlomakyla.fi\/de\/wp-json\/wp\/v2\/product"}],"about":[{"href":"https:\/\/www.ruokkeenlomakyla.fi\/de\/wp-json\/wp\/v2\/types\/product"}],"wp:featuredmedia":[{"embeddable":true,"href":"https:\/\/www.ruokkeenlomakyla.fi\/de\/wp-json\/wp\/v2\/media\/304"}],"wp:attachment":[{"href":"https:\/\/www.ruokkeenlomakyla.fi\/de\/wp-json\/wp\/v2\/media?parent=2125"}],"wp:term":[{"taxonomy":"product_brand","embeddable":true,"href":"https:\/\/www.ruokkeenlomakyla.fi\/de\/wp-json\/wp\/v2\/product_brand?post=2125"},{"taxonomy":"product_cat","embeddable":true,"href":"https:\/\/www.ruokkeenlomakyla.fi\/de\/wp-json\/wp\/v2\/product_cat?post=2125"},{"taxonomy":"product_tag","embeddable":true,"href":"https:\/\/www.ruokkeenlomakyla.fi\/de\/wp-json\/wp\/v2\/product_tag?post=2125"}],"curies":[{"name":"wp","href":"https:\/\/api.w.org\/{rel}","templated":true}]}}