{"id":1990,"date":"2021-04-19T14:29:20","date_gmt":"2021-04-19T11:29:20","guid":{"rendered":"https:\/\/www.ruokkeenlomakyla.fi\/?page_id=1990"},"modified":"2023-02-23T14:18:51","modified_gmt":"2023-02-23T12:18:51","slug":"buchungsbedingungen-fuer-online-shop","status":"publish","type":"page","link":"https:\/\/www.ruokkeenlomakyla.fi\/de\/buchungsbedingungen-fuer-online-shop\/","title":{"rendered":"Buchungsbedingungen f\u00fcr Online-Shop"},"content":{"rendered":"<h2 style=\"text-align: center;\">Buchungsbedingungen f\u00fcr Online-Shop<\/h2>\n<p style=\"text-align: center;\">Die Produkte des Online-Shops werden von der Ruoke-Feriendorf-Firma\u00a0 verkauft. Die Preise enthalten die gesetzliche Mehrwertsteuer (10% \/ 14% \/ 24%). Wir behalten uns das Recht vor, Preise und Lieferbedingungen zu \u00e4ndern. Bitte lesen Sie die Buchungs- und Stornierungsbedingungen vor der Buchung. Die Allgemeinen Gesch\u00e4ftsbedingungen werden f\u00fcr beide Parteien verbindlich, wenn der Kunde die in den Allgemeinen Gesch\u00e4ftsbedingungen genannten Zahlungen geleistet hat. Die Person, die die Reservierung vornimmt, muss zum Zeitpunkt der Buchung vollj\u00e4hrig sein (18 Jahre).<br \/>\nDas gebuchte Ferienhaus ist ab 16:00 Uhr am Anreisetag bis 12:00 Uhr am Abreisetag verf\u00fcgbar. Das Ferienhaus muss im gleichen Zustand wie bei \u00a0der Ankunft verlassen werden. Auf Wunsch kann man eine Endreinigung bestellen, diese betr\u00e4gt 50-75 \u20ac je nach Gr\u00f6\u00dfe des Ferienhauses. \u00a0Der Vermieter hat das Recht, f\u00fcr besch\u00e4digte M\u00f6bel, Utensilien oder Ger\u00e4te die Kosten vom Mieter entsprechend den tats\u00e4chlich angefallenen Kosten zu verlangen.<\/p>\n<h3 style=\"text-align: center;\">Buchung<\/h3>\n<p style=\"text-align: center;\">Im Online-Shop bezahlt der Kunde die ausgew\u00e4hlten Produkte sofort im Ganzen. Die Zahlung erfolgt entweder per Kreditkarte oder Online-Banking. Der Zahlungsvermittlungsdienst f\u00fcr Online-Banking-Zahlungen wird von Paytrail Oyj, Business ID 2122839-7 durchgef\u00fchrt.<\/p>\n<p style=\"text-align: center;\">Die Online-Shop-Preise k\u00f6nnen je nach Verf\u00fcgbarkeit und Jahreszeit variieren.<\/p>\n<h3 style=\"text-align: center;\">Stornierung<\/h3>\n<p style=\"text-align: center;\">Wenn die Buchung sp\u00e4testens 21 Tage vor Beginn der Buchung storniert wird oder wenn die Stornierung auf eine von einem Arzt diagnostizierte Krankheit \/ einen Unfall zur\u00fcckzuf\u00fchren ist, wird Buchung abz\u00fcglich einer Geb\u00fchr von 25 \u20ac zur\u00fcckerstattet. Die Stornierung gilt als erfolgt, wenn die Informationen eingegangen sind. Stornierungen m\u00fcssen schriftlich oder per E-Mail erfolgen. Eine Buchung mit einem BestPrice-Code wird im Falle einer Stornierung nicht erstattet. Bei Nichterscheinen wird die Zahlung nicht zur\u00fcckerstattet. Bei h\u00f6herer Gewalt kann das Ruoke Feriendorf die Reservierung stornieren. In diesem Fall hat der Kunde Anspruch auf R\u00fcckerstattung der geleisteten Zahlungen.<\/p>\n<h3 style=\"text-align: center;\">Zahlungsdienstleister<\/h3>\n<p style=\"text-align: center;\">Paytrail Oyj (2122839-7) kooperiert mit finnischen Banken und Kreditinstituten als Zahlungsdienstleister. Paytrail Oyj erscheint als Zahlungsempf\u00e4nger auf dem Kontoauszug oder der Kartenrechnung und leitet die Zahlung an den H\u00e4ndler weiter. Paytrail Oyj ist ein lizensiertes\u00a0 Zahlungsinstitut. Im Falle einer Reklamation wenden Sie sich bitte zun\u00e4chst an den Produktlieferanten.<\/p>\n<p style=\"text-align: center;\">Paytrail Oyj, Gesch\u00e4fts-ID: 2122839-7<br \/>\nInnova 2<br \/>\nLutakonaukio 7<br \/>\n40100 Jyv\u00e4skyl\u00e4<br \/>\nTelefon: 0207 181830<br \/>\nwww.paytrail.com<\/p>\n","protected":false},"excerpt":{"rendered":"<p>Buchungsbedingungen f\u00fcr Online-Shop Die Produkte des Online-Shops werden von der Ruoke-Feriendorf-Firma\u00a0 verkauft. Die Preise enthalten die gesetzliche Mehrwertsteuer (10% \/ 14% \/ 24%)&#8230;.<\/p>\n","protected":false},"author":2,"featured_media":0,"parent":0,"menu_order":0,"comment_status":"closed","ping_status":"closed","template":"","meta":{"footnotes":""},"class_list":["post-1990","page","type-page","status-publish","hentry"],"yoast_head":"<!-- This site is optimized with the Yoast SEO plugin v27.3 - https:\/\/yoast.com\/product\/yoast-seo-wordpress\/ -->\n<title>Buchungsbedingungen f\u00fcr Online-Shop - Ruokkeen Lomakyl\u00e4<\/title>\n<meta name=\"robots\" content=\"index, follow, max-snippet:-1, max-image-preview:large, max-video-preview:-1\" \/>\n<link rel=\"canonical\" href=\"https:\/\/www.ruokkeenlomakyla.fi\/de\/buchungsbedingungen-fuer-online-shop\/\" \/>\n<meta property=\"og:locale\" content=\"de_DE\" \/>\n<meta property=\"og:type\" content=\"article\" \/>\n<meta property=\"og:title\" content=\"Buchungsbedingungen f\u00fcr Online-Shop - Ruokkeen Lomakyl\u00e4\" \/>\n<meta property=\"og:description\" content=\"Buchungsbedingungen f\u00fcr Online-Shop Die Produkte des Online-Shops werden von der Ruoke-Feriendorf-Firma\u00a0 verkauft. Die Preise enthalten die gesetzliche Mehrwertsteuer (10% \/ 14% \/ 24%)....\" \/>\n<meta property=\"og:url\" content=\"https:\/\/www.ruokkeenlomakyla.fi\/de\/buchungsbedingungen-fuer-online-shop\/\" \/>\n<meta property=\"og:site_name\" content=\"Ruokkeen Lomakyl\u00e4\" \/>\n<meta property=\"article:publisher\" content=\"https:\/\/www.facebook.com\/ruokkee\" \/>\n<meta property=\"article:modified_time\" content=\"2023-02-23T12:18:51+00:00\" \/>\n<meta property=\"og:image\" content=\"https:\/\/www.ruokkeenlomakyla.fi\/wp-content\/uploads\/2021\/04\/og.jpg\" \/>\n\t<meta property=\"og:image:width\" content=\"1600\" \/>\n\t<meta property=\"og:image:height\" content=\"630\" \/>\n\t<meta property=\"og:image:type\" content=\"image\/jpeg\" \/>\n<meta name=\"twitter:card\" content=\"summary_large_image\" \/>\n<meta name=\"twitter:label1\" content=\"Gesch\u00e4tzte Lesezeit\" \/>\n\t<meta name=\"twitter:data1\" content=\"3\u00a0Minuten\" \/>\n<script type=\"application\/ld+json\" class=\"yoast-schema-graph\">{\"@context\":\"https:\\\/\\\/schema.org\",\"@graph\":[{\"@type\":\"WebPage\",\"@id\":\"https:\\\/\\\/www.ruokkeenlomakyla.fi\\\/de\\\/buchungsbedingungen-fuer-online-shop\\\/\",\"url\":\"https:\\\/\\\/www.ruokkeenlomakyla.fi\\\/de\\\/buchungsbedingungen-fuer-online-shop\\\/\",\"name\":\"Buchungsbedingungen f\u00fcr Online-Shop - Ruokkeen Lomakyl\u00e4\",\"isPartOf\":{\"@id\":\"https:\\\/\\\/www.ruokkeenlomakyla.fi\\\/de\\\/#website\"},\"datePublished\":\"2021-04-19T11:29:20+00:00\",\"dateModified\":\"2023-02-23T12:18:51+00:00\",\"breadcrumb\":{\"@id\":\"https:\\\/\\\/www.ruokkeenlomakyla.fi\\\/de\\\/buchungsbedingungen-fuer-online-shop\\\/#breadcrumb\"},\"inLanguage\":\"de\",\"potentialAction\":[{\"@type\":\"ReadAction\",\"target\":[\"https:\\\/\\\/www.ruokkeenlomakyla.fi\\\/de\\\/buchungsbedingungen-fuer-online-shop\\\/\"]}]},{\"@type\":\"BreadcrumbList\",\"@id\":\"https:\\\/\\\/www.ruokkeenlomakyla.fi\\\/de\\\/buchungsbedingungen-fuer-online-shop\\\/#breadcrumb\",\"itemListElement\":[{\"@type\":\"ListItem\",\"position\":1,\"name\":\"Startseite\",\"item\":\"https:\\\/\\\/www.ruokkeenlomakyla.fi\\\/de\\\/\"},{\"@type\":\"ListItem\",\"position\":2,\"name\":\"Buchungsbedingungen f\u00fcr Online-Shop\"}]},{\"@type\":\"WebSite\",\"@id\":\"https:\\\/\\\/www.ruokkeenlomakyla.fi\\\/de\\\/#website\",\"url\":\"https:\\\/\\\/www.ruokkeenlomakyla.fi\\\/de\\\/\",\"name\":\"Ruokkeen Lomakyl\u00e4\",\"description\":\"\",\"publisher\":{\"@id\":\"https:\\\/\\\/www.ruokkeenlomakyla.fi\\\/de\\\/#organization\"},\"potentialAction\":[{\"@type\":\"SearchAction\",\"target\":{\"@type\":\"EntryPoint\",\"urlTemplate\":\"https:\\\/\\\/www.ruokkeenlomakyla.fi\\\/de\\\/?s={search_term_string}\"},\"query-input\":{\"@type\":\"PropertyValueSpecification\",\"valueRequired\":true,\"valueName\":\"search_term_string\"}}],\"inLanguage\":\"de\"},{\"@type\":\"Organization\",\"@id\":\"https:\\\/\\\/www.ruokkeenlomakyla.fi\\\/de\\\/#organization\",\"name\":\"Ruokkeen Lomakyl\u00e4\",\"url\":\"https:\\\/\\\/www.ruokkeenlomakyla.fi\\\/de\\\/\",\"logo\":{\"@type\":\"ImageObject\",\"inLanguage\":\"de\",\"@id\":\"https:\\\/\\\/www.ruokkeenlomakyla.fi\\\/de\\\/#\\\/schema\\\/logo\\\/image\\\/\",\"url\":\"https:\\\/\\\/www.ruokkeenlomakyla.fi\\\/wp-content\\\/uploads\\\/2021\\\/04\\\/logo.jpg\",\"contentUrl\":\"https:\\\/\\\/www.ruokkeenlomakyla.fi\\\/wp-content\\\/uploads\\\/2021\\\/04\\\/logo.jpg\",\"width\":768,\"height\":133,\"caption\":\"Ruokkeen Lomakyl\u00e4\"},\"image\":{\"@id\":\"https:\\\/\\\/www.ruokkeenlomakyla.fi\\\/de\\\/#\\\/schema\\\/logo\\\/image\\\/\"},\"sameAs\":[\"https:\\\/\\\/www.facebook.com\\\/ruokkee\",\"https:\\\/\\\/www.instagram.com\\\/ruokkee\\\/\"]}]}<\/script>\n<!-- \/ Yoast SEO plugin. -->","yoast_head_json":{"title":"Buchungsbedingungen f\u00fcr Online-Shop - Ruokkeen Lomakyl\u00e4","robots":{"index":"index","follow":"follow","max-snippet":"max-snippet:-1","max-image-preview":"max-image-preview:large","max-video-preview":"max-video-preview:-1"},"canonical":"https:\/\/www.ruokkeenlomakyla.fi\/de\/buchungsbedingungen-fuer-online-shop\/","og_locale":"de_DE","og_type":"article","og_title":"Buchungsbedingungen f\u00fcr Online-Shop - Ruokkeen Lomakyl\u00e4","og_description":"Buchungsbedingungen f\u00fcr Online-Shop Die Produkte des Online-Shops werden von der Ruoke-Feriendorf-Firma\u00a0 verkauft. Die Preise enthalten die gesetzliche Mehrwertsteuer (10% \/ 14% \/ 24%)....","og_url":"https:\/\/www.ruokkeenlomakyla.fi\/de\/buchungsbedingungen-fuer-online-shop\/","og_site_name":"Ruokkeen Lomakyl\u00e4","article_publisher":"https:\/\/www.facebook.com\/ruokkee","article_modified_time":"2023-02-23T12:18:51+00:00","og_image":[{"width":1600,"height":630,"url":"https:\/\/www.ruokkeenlomakyla.fi\/wp-content\/uploads\/2021\/04\/og.jpg","type":"image\/jpeg"}],"twitter_card":"summary_large_image","twitter_misc":{"Gesch\u00e4tzte Lesezeit":"3\u00a0Minuten"},"schema":{"@context":"https:\/\/schema.org","@graph":[{"@type":"WebPage","@id":"https:\/\/www.ruokkeenlomakyla.fi\/de\/buchungsbedingungen-fuer-online-shop\/","url":"https:\/\/www.ruokkeenlomakyla.fi\/de\/buchungsbedingungen-fuer-online-shop\/","name":"Buchungsbedingungen f\u00fcr Online-Shop - Ruokkeen Lomakyl\u00e4","isPartOf":{"@id":"https:\/\/www.ruokkeenlomakyla.fi\/de\/#website"},"datePublished":"2021-04-19T11:29:20+00:00","dateModified":"2023-02-23T12:18:51+00:00","breadcrumb":{"@id":"https:\/\/www.ruokkeenlomakyla.fi\/de\/buchungsbedingungen-fuer-online-shop\/#breadcrumb"},"inLanguage":"de","potentialAction":[{"@type":"ReadAction","target":["https:\/\/www.ruokkeenlomakyla.fi\/de\/buchungsbedingungen-fuer-online-shop\/"]}]},{"@type":"BreadcrumbList","@id":"https:\/\/www.ruokkeenlomakyla.fi\/de\/buchungsbedingungen-fuer-online-shop\/#breadcrumb","itemListElement":[{"@type":"ListItem","position":1,"name":"Startseite","item":"https:\/\/www.ruokkeenlomakyla.fi\/de\/"},{"@type":"ListItem","position":2,"name":"Buchungsbedingungen f\u00fcr Online-Shop"}]},{"@type":"WebSite","@id":"https:\/\/www.ruokkeenlomakyla.fi\/de\/#website","url":"https:\/\/www.ruokkeenlomakyla.fi\/de\/","name":"Ruokkeen Lomakyl\u00e4","description":"","publisher":{"@id":"https:\/\/www.ruokkeenlomakyla.fi\/de\/#organization"},"potentialAction":[{"@type":"SearchAction","target":{"@type":"EntryPoint","urlTemplate":"https:\/\/www.ruokkeenlomakyla.fi\/de\/?s={search_term_string}"},"query-input":{"@type":"PropertyValueSpecification","valueRequired":true,"valueName":"search_term_string"}}],"inLanguage":"de"},{"@type":"Organization","@id":"https:\/\/www.ruokkeenlomakyla.fi\/de\/#organization","name":"Ruokkeen Lomakyl\u00e4","url":"https:\/\/www.ruokkeenlomakyla.fi\/de\/","logo":{"@type":"ImageObject","inLanguage":"de","@id":"https:\/\/www.ruokkeenlomakyla.fi\/de\/#\/schema\/logo\/image\/","url":"https:\/\/www.ruokkeenlomakyla.fi\/wp-content\/uploads\/2021\/04\/logo.jpg","contentUrl":"https:\/\/www.ruokkeenlomakyla.fi\/wp-content\/uploads\/2021\/04\/logo.jpg","width":768,"height":133,"caption":"Ruokkeen Lomakyl\u00e4"},"image":{"@id":"https:\/\/www.ruokkeenlomakyla.fi\/de\/#\/schema\/logo\/image\/"},"sameAs":["https:\/\/www.facebook.com\/ruokkee","https:\/\/www.instagram.com\/ruokkee\/"]}]}},"_links":{"self":[{"href":"https:\/\/www.ruokkeenlomakyla.fi\/de\/wp-json\/wp\/v2\/pages\/1990","targetHints":{"allow":["GET"]}}],"collection":[{"href":"https:\/\/www.ruokkeenlomakyla.fi\/de\/wp-json\/wp\/v2\/pages"}],"about":[{"href":"https:\/\/www.ruokkeenlomakyla.fi\/de\/wp-json\/wp\/v2\/types\/page"}],"author":[{"embeddable":true,"href":"https:\/\/www.ruokkeenlomakyla.fi\/de\/wp-json\/wp\/v2\/users\/2"}],"replies":[{"embeddable":true,"href":"https:\/\/www.ruokkeenlomakyla.fi\/de\/wp-json\/wp\/v2\/comments?post=1990"}],"version-history":[{"count":4,"href":"https:\/\/www.ruokkeenlomakyla.fi\/de\/wp-json\/wp\/v2\/pages\/1990\/revisions"}],"predecessor-version":[{"id":12432,"href":"https:\/\/www.ruokkeenlomakyla.fi\/de\/wp-json\/wp\/v2\/pages\/1990\/revisions\/12432"}],"wp:attachment":[{"href":"https:\/\/www.ruokkeenlomakyla.fi\/de\/wp-json\/wp\/v2\/media?parent=1990"}],"curies":[{"name":"wp","href":"https:\/\/api.w.org\/{rel}","templated":true}]}}