{"id":1988,"date":"2021-04-19T14:17:21","date_gmt":"2021-04-19T11:17:21","guid":{"rendered":"https:\/\/www.ruokkeenlomakyla.fi\/?page_id=1988"},"modified":"2021-04-19T14:17:21","modified_gmt":"2021-04-19T11:17:21","slug":"zahlungsarten","status":"publish","type":"page","link":"https:\/\/www.ruokkeenlomakyla.fi\/de\/zahlungsarten\/","title":{"rendered":"Zahlungsarten"},"content":{"rendered":"<h2 style=\"text-align: center;\">Zahlungsarten<\/h2>\n<p style=\"text-align: center;\">In unserem Online-Shop werden folgende Zahlungsmethoden verwendet:<\/p>\n<ul style=\"text-align: center;\">\n<li>Bankkarte<\/li>\n<li>Onlinebanking<\/li>\n<\/ul>\n<h3 style=\"text-align: center;\">Zahlungsdienstleister<\/h3>\n<p style=\"text-align: center;\">Paytrail Oyj (2122839-7) kooperiert mit finnischen Banken und Kreditinstituten als Zahlungsdienstleister. Paytrail Oyj erscheint als Zahlungsempf\u00e4nger auf dem Kontoauszug oder der Kartenrechnung und leitet die Zahlung an den H\u00e4ndler weiter. Paytrail Oyj hat eine Lizenz f\u00fcr ein Zahlungsinstitut. Im Falle einer Reklamation wenden Sie sich bitte zun\u00e4chst an den Produktlieferanten.<\/p>\n<p style=\"text-align: center;\">Paytrail Oyj, Gesch\u00e4fts-ID: 2122839-7<br \/>\nInnova 2<br \/>\nLutakonaukio 7<br \/>\n40100 Jyv\u00e4skyl\u00e4<br \/>\nTelefon: 0207 181830<br \/>\n<a href=\"http:\/\/www.paytrail.com\">www.paytrail.com<\/a><\/p>\n<p><img loading=\"lazy\" decoding=\"async\" class=\"img-fluid aligncenter wp-image-1129 size-full\" src=\"https:\/\/www.ruokkeenlomakyla.fi\/wp-content\/uploads\/2021\/03\/maksutavat-1.png\" sizes=\"auto, (max-width: 801px) 100vw, 801px\" srcset=\"https:\/\/www.ruokkeenlomakyla.fi\/wp-content\/uploads\/2021\/03\/maksutavat-1.png 801w, https:\/\/www.ruokkeenlomakyla.fi\/wp-content\/uploads\/2021\/03\/maksutavat-1-300x37.png 300w, https:\/\/www.ruokkeenlomakyla.fi\/wp-content\/uploads\/2021\/03\/maksutavat-1-768x94.png 768w, https:\/\/www.ruokkeenlomakyla.fi\/wp-content\/uploads\/2021\/03\/maksutavat-1-600x73.png 600w\" alt=\"\" width=\"801\" height=\"98\" \/><\/p>\n","protected":false},"excerpt":{"rendered":"<p>Zahlungsarten In unserem Online-Shop werden folgende Zahlungsmethoden verwendet: Bankkarte Onlinebanking Zahlungsdienstleister Paytrail Oyj (2122839-7) kooperiert mit finnischen Banken und Kreditinstituten als Zahlungsdienstleister. Paytrail&#8230;<\/p>\n","protected":false},"author":2,"featured_media":0,"parent":0,"menu_order":0,"comment_status":"closed","ping_status":"closed","template":"","meta":{"footnotes":""},"class_list":["post-1988","page","type-page","status-publish","hentry"],"yoast_head":"<!-- This site is optimized with the Yoast SEO plugin v27.4 - https:\/\/yoast.com\/product\/yoast-seo-wordpress\/ -->\n<title>Zahlungsarten - Ruokkeen Lomakyl\u00e4<\/title>\n<meta name=\"robots\" content=\"index, follow, max-snippet:-1, max-image-preview:large, max-video-preview:-1\" \/>\n<link rel=\"canonical\" href=\"https:\/\/www.ruokkeenlomakyla.fi\/de\/zahlungsarten\/\" \/>\n<meta property=\"og:locale\" content=\"de_DE\" \/>\n<meta property=\"og:type\" content=\"article\" \/>\n<meta property=\"og:title\" content=\"Zahlungsarten - Ruokkeen Lomakyl\u00e4\" \/>\n<meta property=\"og:description\" content=\"Zahlungsarten In unserem Online-Shop werden folgende Zahlungsmethoden verwendet: Bankkarte Onlinebanking Zahlungsdienstleister Paytrail Oyj (2122839-7) kooperiert mit finnischen Banken und Kreditinstituten als Zahlungsdienstleister. Paytrail...\" \/>\n<meta property=\"og:url\" content=\"https:\/\/www.ruokkeenlomakyla.fi\/de\/zahlungsarten\/\" \/>\n<meta property=\"og:site_name\" content=\"Ruokkeen Lomakyl\u00e4\" \/>\n<meta property=\"article:publisher\" content=\"https:\/\/www.facebook.com\/ruokkee\" \/>\n<meta property=\"og:image\" content=\"https:\/\/www.ruokkeenlomakyla.fi\/wp-content\/uploads\/2021\/03\/maksutavat-1.png\" \/>\n<meta name=\"twitter:card\" content=\"summary_large_image\" \/>\n<meta name=\"twitter:label1\" content=\"Gesch\u00e4tzte Lesezeit\" \/>\n\t<meta name=\"twitter:data1\" content=\"1\u00a0Minute\" \/>\n<script type=\"application\/ld+json\" class=\"yoast-schema-graph\">{\"@context\":\"https:\\\/\\\/schema.org\",\"@graph\":[{\"@type\":\"WebPage\",\"@id\":\"https:\\\/\\\/www.ruokkeenlomakyla.fi\\\/de\\\/zahlungsarten\\\/\",\"url\":\"https:\\\/\\\/www.ruokkeenlomakyla.fi\\\/de\\\/zahlungsarten\\\/\",\"name\":\"Zahlungsarten - Ruokkeen Lomakyl\u00e4\",\"isPartOf\":{\"@id\":\"https:\\\/\\\/www.ruokkeenlomakyla.fi\\\/de\\\/#website\"},\"primaryImageOfPage\":{\"@id\":\"https:\\\/\\\/www.ruokkeenlomakyla.fi\\\/de\\\/zahlungsarten\\\/#primaryimage\"},\"image\":{\"@id\":\"https:\\\/\\\/www.ruokkeenlomakyla.fi\\\/de\\\/zahlungsarten\\\/#primaryimage\"},\"thumbnailUrl\":\"https:\\\/\\\/www.ruokkeenlomakyla.fi\\\/wp-content\\\/uploads\\\/2021\\\/03\\\/maksutavat-1.png\",\"datePublished\":\"2021-04-19T11:17:21+00:00\",\"breadcrumb\":{\"@id\":\"https:\\\/\\\/www.ruokkeenlomakyla.fi\\\/de\\\/zahlungsarten\\\/#breadcrumb\"},\"inLanguage\":\"de\",\"potentialAction\":[{\"@type\":\"ReadAction\",\"target\":[\"https:\\\/\\\/www.ruokkeenlomakyla.fi\\\/de\\\/zahlungsarten\\\/\"]}]},{\"@type\":\"ImageObject\",\"inLanguage\":\"de\",\"@id\":\"https:\\\/\\\/www.ruokkeenlomakyla.fi\\\/de\\\/zahlungsarten\\\/#primaryimage\",\"url\":\"https:\\\/\\\/www.ruokkeenlomakyla.fi\\\/wp-content\\\/uploads\\\/2021\\\/03\\\/maksutavat-1.png\",\"contentUrl\":\"https:\\\/\\\/www.ruokkeenlomakyla.fi\\\/wp-content\\\/uploads\\\/2021\\\/03\\\/maksutavat-1.png\"},{\"@type\":\"BreadcrumbList\",\"@id\":\"https:\\\/\\\/www.ruokkeenlomakyla.fi\\\/de\\\/zahlungsarten\\\/#breadcrumb\",\"itemListElement\":[{\"@type\":\"ListItem\",\"position\":1,\"name\":\"Startseite\",\"item\":\"https:\\\/\\\/www.ruokkeenlomakyla.fi\\\/de\\\/\"},{\"@type\":\"ListItem\",\"position\":2,\"name\":\"Zahlungsarten\"}]},{\"@type\":\"WebSite\",\"@id\":\"https:\\\/\\\/www.ruokkeenlomakyla.fi\\\/de\\\/#website\",\"url\":\"https:\\\/\\\/www.ruokkeenlomakyla.fi\\\/de\\\/\",\"name\":\"Ruokkeen Lomakyl\u00e4\",\"description\":\"\",\"publisher\":{\"@id\":\"https:\\\/\\\/www.ruokkeenlomakyla.fi\\\/de\\\/#organization\"},\"potentialAction\":[{\"@type\":\"SearchAction\",\"target\":{\"@type\":\"EntryPoint\",\"urlTemplate\":\"https:\\\/\\\/www.ruokkeenlomakyla.fi\\\/de\\\/?s={search_term_string}\"},\"query-input\":{\"@type\":\"PropertyValueSpecification\",\"valueRequired\":true,\"valueName\":\"search_term_string\"}}],\"inLanguage\":\"de\"},{\"@type\":\"Organization\",\"@id\":\"https:\\\/\\\/www.ruokkeenlomakyla.fi\\\/de\\\/#organization\",\"name\":\"Ruokkeen Lomakyl\u00e4\",\"url\":\"https:\\\/\\\/www.ruokkeenlomakyla.fi\\\/de\\\/\",\"logo\":{\"@type\":\"ImageObject\",\"inLanguage\":\"de\",\"@id\":\"https:\\\/\\\/www.ruokkeenlomakyla.fi\\\/de\\\/#\\\/schema\\\/logo\\\/image\\\/\",\"url\":\"https:\\\/\\\/www.ruokkeenlomakyla.fi\\\/wp-content\\\/uploads\\\/2021\\\/04\\\/logo.jpg\",\"contentUrl\":\"https:\\\/\\\/www.ruokkeenlomakyla.fi\\\/wp-content\\\/uploads\\\/2021\\\/04\\\/logo.jpg\",\"width\":768,\"height\":133,\"caption\":\"Ruokkeen Lomakyl\u00e4\"},\"image\":{\"@id\":\"https:\\\/\\\/www.ruokkeenlomakyla.fi\\\/de\\\/#\\\/schema\\\/logo\\\/image\\\/\"},\"sameAs\":[\"https:\\\/\\\/www.facebook.com\\\/ruokkee\",\"https:\\\/\\\/www.instagram.com\\\/ruokkee\\\/\"]}]}<\/script>\n<!-- \/ Yoast SEO plugin. -->","yoast_head_json":{"title":"Zahlungsarten - Ruokkeen Lomakyl\u00e4","robots":{"index":"index","follow":"follow","max-snippet":"max-snippet:-1","max-image-preview":"max-image-preview:large","max-video-preview":"max-video-preview:-1"},"canonical":"https:\/\/www.ruokkeenlomakyla.fi\/de\/zahlungsarten\/","og_locale":"de_DE","og_type":"article","og_title":"Zahlungsarten - Ruokkeen Lomakyl\u00e4","og_description":"Zahlungsarten In unserem Online-Shop werden folgende Zahlungsmethoden verwendet: Bankkarte Onlinebanking Zahlungsdienstleister Paytrail Oyj (2122839-7) kooperiert mit finnischen Banken und Kreditinstituten als Zahlungsdienstleister. Paytrail...","og_url":"https:\/\/www.ruokkeenlomakyla.fi\/de\/zahlungsarten\/","og_site_name":"Ruokkeen Lomakyl\u00e4","article_publisher":"https:\/\/www.facebook.com\/ruokkee","og_image":[{"url":"https:\/\/www.ruokkeenlomakyla.fi\/wp-content\/uploads\/2021\/03\/maksutavat-1.png","type":"","width":"","height":""}],"twitter_card":"summary_large_image","twitter_misc":{"Gesch\u00e4tzte Lesezeit":"1\u00a0Minute"},"schema":{"@context":"https:\/\/schema.org","@graph":[{"@type":"WebPage","@id":"https:\/\/www.ruokkeenlomakyla.fi\/de\/zahlungsarten\/","url":"https:\/\/www.ruokkeenlomakyla.fi\/de\/zahlungsarten\/","name":"Zahlungsarten - Ruokkeen Lomakyl\u00e4","isPartOf":{"@id":"https:\/\/www.ruokkeenlomakyla.fi\/de\/#website"},"primaryImageOfPage":{"@id":"https:\/\/www.ruokkeenlomakyla.fi\/de\/zahlungsarten\/#primaryimage"},"image":{"@id":"https:\/\/www.ruokkeenlomakyla.fi\/de\/zahlungsarten\/#primaryimage"},"thumbnailUrl":"https:\/\/www.ruokkeenlomakyla.fi\/wp-content\/uploads\/2021\/03\/maksutavat-1.png","datePublished":"2021-04-19T11:17:21+00:00","breadcrumb":{"@id":"https:\/\/www.ruokkeenlomakyla.fi\/de\/zahlungsarten\/#breadcrumb"},"inLanguage":"de","potentialAction":[{"@type":"ReadAction","target":["https:\/\/www.ruokkeenlomakyla.fi\/de\/zahlungsarten\/"]}]},{"@type":"ImageObject","inLanguage":"de","@id":"https:\/\/www.ruokkeenlomakyla.fi\/de\/zahlungsarten\/#primaryimage","url":"https:\/\/www.ruokkeenlomakyla.fi\/wp-content\/uploads\/2021\/03\/maksutavat-1.png","contentUrl":"https:\/\/www.ruokkeenlomakyla.fi\/wp-content\/uploads\/2021\/03\/maksutavat-1.png"},{"@type":"BreadcrumbList","@id":"https:\/\/www.ruokkeenlomakyla.fi\/de\/zahlungsarten\/#breadcrumb","itemListElement":[{"@type":"ListItem","position":1,"name":"Startseite","item":"https:\/\/www.ruokkeenlomakyla.fi\/de\/"},{"@type":"ListItem","position":2,"name":"Zahlungsarten"}]},{"@type":"WebSite","@id":"https:\/\/www.ruokkeenlomakyla.fi\/de\/#website","url":"https:\/\/www.ruokkeenlomakyla.fi\/de\/","name":"Ruokkeen Lomakyl\u00e4","description":"","publisher":{"@id":"https:\/\/www.ruokkeenlomakyla.fi\/de\/#organization"},"potentialAction":[{"@type":"SearchAction","target":{"@type":"EntryPoint","urlTemplate":"https:\/\/www.ruokkeenlomakyla.fi\/de\/?s={search_term_string}"},"query-input":{"@type":"PropertyValueSpecification","valueRequired":true,"valueName":"search_term_string"}}],"inLanguage":"de"},{"@type":"Organization","@id":"https:\/\/www.ruokkeenlomakyla.fi\/de\/#organization","name":"Ruokkeen Lomakyl\u00e4","url":"https:\/\/www.ruokkeenlomakyla.fi\/de\/","logo":{"@type":"ImageObject","inLanguage":"de","@id":"https:\/\/www.ruokkeenlomakyla.fi\/de\/#\/schema\/logo\/image\/","url":"https:\/\/www.ruokkeenlomakyla.fi\/wp-content\/uploads\/2021\/04\/logo.jpg","contentUrl":"https:\/\/www.ruokkeenlomakyla.fi\/wp-content\/uploads\/2021\/04\/logo.jpg","width":768,"height":133,"caption":"Ruokkeen Lomakyl\u00e4"},"image":{"@id":"https:\/\/www.ruokkeenlomakyla.fi\/de\/#\/schema\/logo\/image\/"},"sameAs":["https:\/\/www.facebook.com\/ruokkee","https:\/\/www.instagram.com\/ruokkee\/"]}]}},"_links":{"self":[{"href":"https:\/\/www.ruokkeenlomakyla.fi\/de\/wp-json\/wp\/v2\/pages\/1988","targetHints":{"allow":["GET"]}}],"collection":[{"href":"https:\/\/www.ruokkeenlomakyla.fi\/de\/wp-json\/wp\/v2\/pages"}],"about":[{"href":"https:\/\/www.ruokkeenlomakyla.fi\/de\/wp-json\/wp\/v2\/types\/page"}],"author":[{"embeddable":true,"href":"https:\/\/www.ruokkeenlomakyla.fi\/de\/wp-json\/wp\/v2\/users\/2"}],"replies":[{"embeddable":true,"href":"https:\/\/www.ruokkeenlomakyla.fi\/de\/wp-json\/wp\/v2\/comments?post=1988"}],"version-history":[{"count":1,"href":"https:\/\/www.ruokkeenlomakyla.fi\/de\/wp-json\/wp\/v2\/pages\/1988\/revisions"}],"predecessor-version":[{"id":1989,"href":"https:\/\/www.ruokkeenlomakyla.fi\/de\/wp-json\/wp\/v2\/pages\/1988\/revisions\/1989"}],"wp:attachment":[{"href":"https:\/\/www.ruokkeenlomakyla.fi\/de\/wp-json\/wp\/v2\/media?parent=1988"}],"curies":[{"name":"wp","href":"https:\/\/api.w.org\/{rel}","templated":true}]}}