{"id":1972,"date":"2021-04-19T13:58:25","date_gmt":"2021-04-19T10:58:25","guid":{"rendered":"https:\/\/www.ruokkeenlomakyla.fi\/?page_id=1972"},"modified":"2023-02-23T15:12:28","modified_gmt":"2023-02-23T13:12:28","slug":"lerne-uns-kennen","status":"publish","type":"page","link":"https:\/\/www.ruokkeenlomakyla.fi\/de\/lerne-uns-kennen\/","title":{"rendered":"Lerne uns kennen"},"content":{"rendered":"<h2 style=\"text-align: center;\">Lerne uns kennen<\/h2>\n<p class=\"lead\" style=\"text-align: center;\">Das Ruoke Feriendorf am Ufer des Puruvesi ist bekannt f\u00fcr sein klares Wasser und seinen reichen Fischbestand. Die Aktivit\u00e4ten des beliebten Feriendorfes sind im Laufe der Jahre stark gewachsen und bieten heute das ganze Jahr \u00fcber eine breite Palette an Freizeitm\u00f6glichkeiten und Unterk\u00fcnften.<\/p>\n<p>In Ruokkeenniemi begannen die touristischen Aktivit\u00e4ten in den fr\u00fchen 1970er Jahren. Die Gr\u00fcnder des Feriendorfes, Raija und Pentti Laukkanen, dachten sich, dass die Fl\u00e4che von etwa 20 Hektar an den Ufern des Puruvesi, die einst der Familie \u00fcberlassen worden war, mit einer Nebent\u00e4tigkeit Arbeit und Lebensunterhalt f\u00fcr den kleinen Bauernhof bringen k\u00f6nnte. Im ersten Fr\u00fchjahr wurden ein paar 14m2 gro\u00dfe Blockh\u00fctten gebaut, die von dem Bauernhof aus vermietet wurden.<\/p>\n<p>Am 3. Juni 1970 kamen die ersten Kunden zu einem Urlaub nach Ruoke. Das Gesch\u00e4ft expandierte allm\u00e4hlich; weitere H\u00fctten wurden gebaut und ab Mitte der 70er Jahre wurde im Feriendorf ein kleiner Kiosk fertiggestellt. Dort gab es Eis und Erfrischungen f\u00fcr die G\u00e4ste zu kaufen, und Penttis Vater V\u00e4in\u00f6 lud die Kinder zu einer Kutschfahrt ein. Die erfahreneren Kinder durften auch reiten.<\/p>\n<p>Bereits 1980 gab es gen\u00fcgend Aktivit\u00e4ten, um den Kiosk im Feriendorf zu einem Caf\u00e9 auszubauen. Pentti und Raija bauten eine Wohnung neben dem Caf\u00e9, wohin sie mit ihren Kindern Mari und Mika umzogen. Zu diesem Zeitpunkt stellte man die landwirtschaftliche Arbeit ein und der Tourismus wurde zur Hauptbesch\u00e4ftigung der Familie.<\/p>\n<p>In den sp\u00e4ten 80er Jahren wurden die ersten ganzj\u00e4hrig geeigneten H\u00fctten gebaut. Auch auf der Campingplatzseite nahm der Verkehr zu; Die fr\u00fchen Camper hatten auf Wohnwagen umgestellt und es wurden mehr Pl\u00e4tze f\u00fcr den Campingplatz geschaffen. Auch der Angeltourismus begann zuzunehmen. In der Gegend fanden Wurfangel-Wettbewerbe statt und im Herbst kamen die Leute nach Puruvesi, um zu fischen, mit Netzen oder mit K\u00f6dern. Der gefangene Fisch musste f\u00fcr die Fischer so zubereitet werden, dass er mit nach Hause genommen werden konnte, und so wurden Fischkonserven hergestellt. Das war der Beginn von Laukkasen Kala Oy.<\/p>\n<p>In den 90er Jahren begann man mehr Aktivit\u00e4ten anzubieten. Auch auf der Restaurantseite gab es Wachstum, als die Erweiterung 1997 abgeschlossen wurde, und gleichzeitig wurden f\u00fcr die Fischverarbeitung neue R\u00e4umlichkeiten im Zusammenhang mit dem Hauptgeb\u00e4ude geschaffen. Heute werden jedes Jahr ca. 15.000 bis 20.000 Gl\u00e4ser kleine Mar\u00e4nen, Pl\u00f6tze, Wei\u00dffische und Regenbogenforellen sowie ger\u00e4ucherter und eingelegten Fisch hergestellt, die auch den Weg zum Restauranttisch finden.<\/p>\n<p>Im 21. Jahrhundert hat die Anzahl der H\u00fctten zugenommen und auch Dauercamper haben auf dem Campingplatz ein zeitweiliges Zuhause gefunden. Die Aktivit\u00e4t ist das ganze Jahr \u00fcber st\u00e4rker geworden, auch auf der Restaurantseite. Heute hat das Gel\u00e4nde 25 H\u00fctten, etwa 80 Campingstellpl\u00e4tze, einen G\u00e4stehafen und gute Freizeitm\u00f6glichkeiten. Heute bietet das Ruoke Feriendorf zu jeder Jahreszeit hochwertige touristische Dienstleistungen.<\/p>\n<p>Willkommen in Ruoke!<\/p>\n<div class=\"embed-responsive embed-responsive-16by9\"><div class=\"iframe-container\"><iframe loading=\"lazy\" class=\"embed-responsive-item\"  title=\"Ruokkeen Lomakyl\u00e4 lintuperspektiivist\u00e4\" width=\"500\" height=\"281\" src=\"https:\/\/www.youtube.com\/embed\/fqjw8BxdvNU?feature=oembed\" frameborder=\"0\" allow=\"accelerometer; autoplay; clipboard-write; encrypted-media; gyroscope; picture-in-picture; web-share\" referrerpolicy=\"strict-origin-when-cross-origin\" allowfullscreen><\/iframe><\/div><\/div>\n<h3>Umgebungskarte<\/h3>\n<p><img loading=\"lazy\" decoding=\"async\" class=\"img-fluid alignnone wp-image-2217 size-large\" src=\"https:\/\/www.ruokkeenlomakyla.fi\/wp-content\/uploads\/2021\/04\/Ruoke_aluekartta_2021-2-714x1024.png\" alt=\"\" width=\"714\" height=\"1024\" srcset=\"https:\/\/www.ruokkeenlomakyla.fi\/wp-content\/uploads\/2021\/04\/Ruoke_aluekartta_2021-2-714x1024.png 714w, https:\/\/www.ruokkeenlomakyla.fi\/wp-content\/uploads\/2021\/04\/Ruoke_aluekartta_2021-2-209x300.png 209w, https:\/\/www.ruokkeenlomakyla.fi\/wp-content\/uploads\/2021\/04\/Ruoke_aluekartta_2021-2-768x1101.png 768w, https:\/\/www.ruokkeenlomakyla.fi\/wp-content\/uploads\/2021\/04\/Ruoke_aluekartta_2021-2-1072x1536.png 1072w, https:\/\/www.ruokkeenlomakyla.fi\/wp-content\/uploads\/2021\/04\/Ruoke_aluekartta_2021-2-1429x2048.png 1429w, https:\/\/www.ruokkeenlomakyla.fi\/wp-content\/uploads\/2021\/04\/Ruoke_aluekartta_2021-2-754x1080.png 754w, https:\/\/www.ruokkeenlomakyla.fi\/wp-content\/uploads\/2021\/04\/Ruoke_aluekartta_2021-2-600x860.png 600w\" sizes=\"auto, (max-width: 714px) 100vw, 714px\" \/><\/p>\n","protected":false},"excerpt":{"rendered":"<p>Lerne uns kennen Das Ruoke Feriendorf am Ufer des Puruvesi ist bekannt f\u00fcr sein klares Wasser und seinen reichen Fischbestand. Die Aktivit\u00e4ten des&#8230;<\/p>\n","protected":false},"author":2,"featured_media":255,"parent":0,"menu_order":0,"comment_status":"closed","ping_status":"closed","template":"","meta":{"footnotes":""},"class_list":["post-1972","page","type-page","status-publish","has-post-thumbnail","hentry"],"yoast_head":"<!-- This site is optimized with the Yoast SEO plugin v27.4 - https:\/\/yoast.com\/product\/yoast-seo-wordpress\/ -->\n<title>Lerne uns kennen - Ruokkeen Lomakyl\u00e4<\/title>\n<meta name=\"robots\" content=\"index, follow, max-snippet:-1, max-image-preview:large, max-video-preview:-1\" \/>\n<link rel=\"canonical\" href=\"https:\/\/www.ruokkeenlomakyla.fi\/de\/lerne-uns-kennen\/\" \/>\n<meta property=\"og:locale\" content=\"de_DE\" \/>\n<meta property=\"og:type\" content=\"article\" \/>\n<meta property=\"og:title\" content=\"Lerne uns kennen - Ruokkeen Lomakyl\u00e4\" \/>\n<meta property=\"og:description\" content=\"Lerne uns kennen Das Ruoke Feriendorf am Ufer des Puruvesi ist bekannt f\u00fcr sein klares Wasser und seinen reichen Fischbestand. Die Aktivit\u00e4ten des...\" \/>\n<meta property=\"og:url\" content=\"https:\/\/www.ruokkeenlomakyla.fi\/de\/lerne-uns-kennen\/\" \/>\n<meta property=\"og:site_name\" content=\"Ruokkeen Lomakyl\u00e4\" \/>\n<meta property=\"article:publisher\" content=\"https:\/\/www.facebook.com\/ruokkee\" \/>\n<meta property=\"article:modified_time\" content=\"2023-02-23T13:12:28+00:00\" \/>\n<meta property=\"og:image\" content=\"https:\/\/www.ruokkeenlomakyla.fi\/wp-content\/uploads\/2021\/01\/Ruoke-1-1024x682.jpg\" \/>\n\t<meta property=\"og:image:width\" content=\"1024\" \/>\n\t<meta property=\"og:image:height\" content=\"682\" \/>\n\t<meta property=\"og:image:type\" content=\"image\/jpeg\" \/>\n<meta name=\"twitter:card\" content=\"summary_large_image\" \/>\n<meta name=\"twitter:label1\" content=\"Gesch\u00e4tzte Lesezeit\" \/>\n\t<meta name=\"twitter:data1\" content=\"3\u00a0Minuten\" \/>\n<script type=\"application\/ld+json\" class=\"yoast-schema-graph\">{\"@context\":\"https:\\\/\\\/schema.org\",\"@graph\":[{\"@type\":\"WebPage\",\"@id\":\"https:\\\/\\\/www.ruokkeenlomakyla.fi\\\/de\\\/lerne-uns-kennen\\\/\",\"url\":\"https:\\\/\\\/www.ruokkeenlomakyla.fi\\\/de\\\/lerne-uns-kennen\\\/\",\"name\":\"Lerne uns kennen - Ruokkeen Lomakyl\u00e4\",\"isPartOf\":{\"@id\":\"https:\\\/\\\/www.ruokkeenlomakyla.fi\\\/de\\\/#website\"},\"primaryImageOfPage\":{\"@id\":\"https:\\\/\\\/www.ruokkeenlomakyla.fi\\\/de\\\/lerne-uns-kennen\\\/#primaryimage\"},\"image\":{\"@id\":\"https:\\\/\\\/www.ruokkeenlomakyla.fi\\\/de\\\/lerne-uns-kennen\\\/#primaryimage\"},\"thumbnailUrl\":\"https:\\\/\\\/www.ruokkeenlomakyla.fi\\\/wp-content\\\/uploads\\\/2021\\\/01\\\/Ruoke-1.jpg\",\"datePublished\":\"2021-04-19T10:58:25+00:00\",\"dateModified\":\"2023-02-23T13:12:28+00:00\",\"breadcrumb\":{\"@id\":\"https:\\\/\\\/www.ruokkeenlomakyla.fi\\\/de\\\/lerne-uns-kennen\\\/#breadcrumb\"},\"inLanguage\":\"de\",\"potentialAction\":[{\"@type\":\"ReadAction\",\"target\":[\"https:\\\/\\\/www.ruokkeenlomakyla.fi\\\/de\\\/lerne-uns-kennen\\\/\"]}]},{\"@type\":\"ImageObject\",\"inLanguage\":\"de\",\"@id\":\"https:\\\/\\\/www.ruokkeenlomakyla.fi\\\/de\\\/lerne-uns-kennen\\\/#primaryimage\",\"url\":\"https:\\\/\\\/www.ruokkeenlomakyla.fi\\\/wp-content\\\/uploads\\\/2021\\\/01\\\/Ruoke-1.jpg\",\"contentUrl\":\"https:\\\/\\\/www.ruokkeenlomakyla.fi\\\/wp-content\\\/uploads\\\/2021\\\/01\\\/Ruoke-1.jpg\",\"width\":2560,\"height\":1706},{\"@type\":\"BreadcrumbList\",\"@id\":\"https:\\\/\\\/www.ruokkeenlomakyla.fi\\\/de\\\/lerne-uns-kennen\\\/#breadcrumb\",\"itemListElement\":[{\"@type\":\"ListItem\",\"position\":1,\"name\":\"Startseite\",\"item\":\"https:\\\/\\\/www.ruokkeenlomakyla.fi\\\/de\\\/\"},{\"@type\":\"ListItem\",\"position\":2,\"name\":\"Lerne uns kennen\"}]},{\"@type\":\"WebSite\",\"@id\":\"https:\\\/\\\/www.ruokkeenlomakyla.fi\\\/de\\\/#website\",\"url\":\"https:\\\/\\\/www.ruokkeenlomakyla.fi\\\/de\\\/\",\"name\":\"Ruokkeen Lomakyl\u00e4\",\"description\":\"\",\"publisher\":{\"@id\":\"https:\\\/\\\/www.ruokkeenlomakyla.fi\\\/de\\\/#organization\"},\"potentialAction\":[{\"@type\":\"SearchAction\",\"target\":{\"@type\":\"EntryPoint\",\"urlTemplate\":\"https:\\\/\\\/www.ruokkeenlomakyla.fi\\\/de\\\/?s={search_term_string}\"},\"query-input\":{\"@type\":\"PropertyValueSpecification\",\"valueRequired\":true,\"valueName\":\"search_term_string\"}}],\"inLanguage\":\"de\"},{\"@type\":\"Organization\",\"@id\":\"https:\\\/\\\/www.ruokkeenlomakyla.fi\\\/de\\\/#organization\",\"name\":\"Ruokkeen Lomakyl\u00e4\",\"url\":\"https:\\\/\\\/www.ruokkeenlomakyla.fi\\\/de\\\/\",\"logo\":{\"@type\":\"ImageObject\",\"inLanguage\":\"de\",\"@id\":\"https:\\\/\\\/www.ruokkeenlomakyla.fi\\\/de\\\/#\\\/schema\\\/logo\\\/image\\\/\",\"url\":\"https:\\\/\\\/www.ruokkeenlomakyla.fi\\\/wp-content\\\/uploads\\\/2021\\\/04\\\/logo.jpg\",\"contentUrl\":\"https:\\\/\\\/www.ruokkeenlomakyla.fi\\\/wp-content\\\/uploads\\\/2021\\\/04\\\/logo.jpg\",\"width\":768,\"height\":133,\"caption\":\"Ruokkeen Lomakyl\u00e4\"},\"image\":{\"@id\":\"https:\\\/\\\/www.ruokkeenlomakyla.fi\\\/de\\\/#\\\/schema\\\/logo\\\/image\\\/\"},\"sameAs\":[\"https:\\\/\\\/www.facebook.com\\\/ruokkee\",\"https:\\\/\\\/www.instagram.com\\\/ruokkee\\\/\"]}]}<\/script>\n<!-- \/ Yoast SEO plugin. -->","yoast_head_json":{"title":"Lerne uns kennen - Ruokkeen Lomakyl\u00e4","robots":{"index":"index","follow":"follow","max-snippet":"max-snippet:-1","max-image-preview":"max-image-preview:large","max-video-preview":"max-video-preview:-1"},"canonical":"https:\/\/www.ruokkeenlomakyla.fi\/de\/lerne-uns-kennen\/","og_locale":"de_DE","og_type":"article","og_title":"Lerne uns kennen - Ruokkeen Lomakyl\u00e4","og_description":"Lerne uns kennen Das Ruoke Feriendorf am Ufer des Puruvesi ist bekannt f\u00fcr sein klares Wasser und seinen reichen Fischbestand. Die Aktivit\u00e4ten des...","og_url":"https:\/\/www.ruokkeenlomakyla.fi\/de\/lerne-uns-kennen\/","og_site_name":"Ruokkeen Lomakyl\u00e4","article_publisher":"https:\/\/www.facebook.com\/ruokkee","article_modified_time":"2023-02-23T13:12:28+00:00","og_image":[{"width":1024,"height":682,"url":"https:\/\/www.ruokkeenlomakyla.fi\/wp-content\/uploads\/2021\/01\/Ruoke-1-1024x682.jpg","type":"image\/jpeg"}],"twitter_card":"summary_large_image","twitter_misc":{"Gesch\u00e4tzte Lesezeit":"3\u00a0Minuten"},"schema":{"@context":"https:\/\/schema.org","@graph":[{"@type":"WebPage","@id":"https:\/\/www.ruokkeenlomakyla.fi\/de\/lerne-uns-kennen\/","url":"https:\/\/www.ruokkeenlomakyla.fi\/de\/lerne-uns-kennen\/","name":"Lerne uns kennen - Ruokkeen Lomakyl\u00e4","isPartOf":{"@id":"https:\/\/www.ruokkeenlomakyla.fi\/de\/#website"},"primaryImageOfPage":{"@id":"https:\/\/www.ruokkeenlomakyla.fi\/de\/lerne-uns-kennen\/#primaryimage"},"image":{"@id":"https:\/\/www.ruokkeenlomakyla.fi\/de\/lerne-uns-kennen\/#primaryimage"},"thumbnailUrl":"https:\/\/www.ruokkeenlomakyla.fi\/wp-content\/uploads\/2021\/01\/Ruoke-1.jpg","datePublished":"2021-04-19T10:58:25+00:00","dateModified":"2023-02-23T13:12:28+00:00","breadcrumb":{"@id":"https:\/\/www.ruokkeenlomakyla.fi\/de\/lerne-uns-kennen\/#breadcrumb"},"inLanguage":"de","potentialAction":[{"@type":"ReadAction","target":["https:\/\/www.ruokkeenlomakyla.fi\/de\/lerne-uns-kennen\/"]}]},{"@type":"ImageObject","inLanguage":"de","@id":"https:\/\/www.ruokkeenlomakyla.fi\/de\/lerne-uns-kennen\/#primaryimage","url":"https:\/\/www.ruokkeenlomakyla.fi\/wp-content\/uploads\/2021\/01\/Ruoke-1.jpg","contentUrl":"https:\/\/www.ruokkeenlomakyla.fi\/wp-content\/uploads\/2021\/01\/Ruoke-1.jpg","width":2560,"height":1706},{"@type":"BreadcrumbList","@id":"https:\/\/www.ruokkeenlomakyla.fi\/de\/lerne-uns-kennen\/#breadcrumb","itemListElement":[{"@type":"ListItem","position":1,"name":"Startseite","item":"https:\/\/www.ruokkeenlomakyla.fi\/de\/"},{"@type":"ListItem","position":2,"name":"Lerne uns kennen"}]},{"@type":"WebSite","@id":"https:\/\/www.ruokkeenlomakyla.fi\/de\/#website","url":"https:\/\/www.ruokkeenlomakyla.fi\/de\/","name":"Ruokkeen Lomakyl\u00e4","description":"","publisher":{"@id":"https:\/\/www.ruokkeenlomakyla.fi\/de\/#organization"},"potentialAction":[{"@type":"SearchAction","target":{"@type":"EntryPoint","urlTemplate":"https:\/\/www.ruokkeenlomakyla.fi\/de\/?s={search_term_string}"},"query-input":{"@type":"PropertyValueSpecification","valueRequired":true,"valueName":"search_term_string"}}],"inLanguage":"de"},{"@type":"Organization","@id":"https:\/\/www.ruokkeenlomakyla.fi\/de\/#organization","name":"Ruokkeen Lomakyl\u00e4","url":"https:\/\/www.ruokkeenlomakyla.fi\/de\/","logo":{"@type":"ImageObject","inLanguage":"de","@id":"https:\/\/www.ruokkeenlomakyla.fi\/de\/#\/schema\/logo\/image\/","url":"https:\/\/www.ruokkeenlomakyla.fi\/wp-content\/uploads\/2021\/04\/logo.jpg","contentUrl":"https:\/\/www.ruokkeenlomakyla.fi\/wp-content\/uploads\/2021\/04\/logo.jpg","width":768,"height":133,"caption":"Ruokkeen Lomakyl\u00e4"},"image":{"@id":"https:\/\/www.ruokkeenlomakyla.fi\/de\/#\/schema\/logo\/image\/"},"sameAs":["https:\/\/www.facebook.com\/ruokkee","https:\/\/www.instagram.com\/ruokkee\/"]}]}},"_links":{"self":[{"href":"https:\/\/www.ruokkeenlomakyla.fi\/de\/wp-json\/wp\/v2\/pages\/1972","targetHints":{"allow":["GET"]}}],"collection":[{"href":"https:\/\/www.ruokkeenlomakyla.fi\/de\/wp-json\/wp\/v2\/pages"}],"about":[{"href":"https:\/\/www.ruokkeenlomakyla.fi\/de\/wp-json\/wp\/v2\/types\/page"}],"author":[{"embeddable":true,"href":"https:\/\/www.ruokkeenlomakyla.fi\/de\/wp-json\/wp\/v2\/users\/2"}],"replies":[{"embeddable":true,"href":"https:\/\/www.ruokkeenlomakyla.fi\/de\/wp-json\/wp\/v2\/comments?post=1972"}],"version-history":[{"count":8,"href":"https:\/\/www.ruokkeenlomakyla.fi\/de\/wp-json\/wp\/v2\/pages\/1972\/revisions"}],"predecessor-version":[{"id":12439,"href":"https:\/\/www.ruokkeenlomakyla.fi\/de\/wp-json\/wp\/v2\/pages\/1972\/revisions\/12439"}],"wp:featuredmedia":[{"embeddable":true,"href":"https:\/\/www.ruokkeenlomakyla.fi\/de\/wp-json\/wp\/v2\/media\/255"}],"wp:attachment":[{"href":"https:\/\/www.ruokkeenlomakyla.fi\/de\/wp-json\/wp\/v2\/media?parent=1972"}],"curies":[{"name":"wp","href":"https:\/\/api.w.org\/{rel}","templated":true}]}}