{"id":1969,"date":"2021-04-19T13:54:45","date_gmt":"2021-04-19T10:54:45","guid":{"rendered":"https:\/\/www.ruokkeenlomakyla.fi\/?page_id=1969"},"modified":"2023-04-11T14:20:14","modified_gmt":"2023-04-11T11:20:14","slug":"fuer-angelfreunde","status":"publish","type":"page","link":"https:\/\/www.ruokkeenlomakyla.fi\/de\/wir-empfehlen\/fuer-angelfreunde\/","title":{"rendered":"F\u00fcr Angelfreunde"},"content":{"rendered":"<h2 style=\"text-align: center;\">F\u00fcr Angelfreunde<\/h2>\n<p class=\"lead\" style=\"text-align: center;\">Das\u00a0 Feriendorf Ruokkee ist ein Traumziel f\u00fcr Angler!<\/p>\n<p style=\"text-align: center;\">Die Angelangebote des Feriendorfes und die wunderbare Lage am Strand machen das Angeln leicht. Das Boot, Ausr\u00fcstung und die Angelerlaubnisse bekommt man von uns, und auf Wunsch kann man auch an Angelausfl\u00fcgen teilnehmen. Seelachs, Forelle, Barsch, Mar\u00e4ne und Hecht k\u00f6nnen anbeissen. Im Sommer ist das Feriendorf Austragungsort des Puruvesi Lachsk\u00f6nig-Wettbewerbs. Im Herbst gibt es den Puruvesi-Herbsangelwettbewerb und das Puruvesi-Treffen.<\/p>\n<p style=\"text-align: center;\">Im Winter kann man auf den\u00a0 Puruvesi zum Eisangeln gehen. Die erforderliche Ausr\u00fcstung gibt es an der Rezeption zu mieten. Eine Angelerlaubnis zum Eisangeln ist nicht erforderlich. Es gibt auch die M\u00f6glichkeit, an gef\u00fchrten Eisangelfahrten teilzunehmen. Oder Sie mieten sich ein Schneemobil, um die Angelm\u00f6glichkeiten auf dem See alleine zu erkunden.<\/p>\n<p style=\"text-align: center;\">Nach einem langen Angeltag k\u00f6nnen Sie sich im Ferienhaus ausruhen und im Restaurant ein leckeres Essen genie\u00dfen. Der kr\u00f6nende Abschluss eines langen Angelausfluges ist der Besuch in der Sauna. Es k\u00f6nnen eine grosse elektrisch beheizte Sauna, 2 unterschiedliche Holzsaunen und eine Rauchsauna gebucht werden. Der Campingplatz verf\u00fcgt \u00fcber kostenloses WLAN f\u00fcr die G\u00e4ste. W\u00e4hrend dem Aufenthalt kann das E-Auto an zwei Stationen aufgeladen werden.<\/p>\n<p><a href=\"https:\/\/www.ruokkeenlomakyla.fi\/de\/wir-empfehlen\/fuer-angelfreunde\/img-20201114-wa0004-2\/\" rel=\"attachment wp-att-3224\"><img loading=\"lazy\" decoding=\"async\" class=\"img-fluid aligncenter wp-image-3224 size-full\" src=\"https:\/\/www.ruokkeenlomakyla.fi\/wp-content\/uploads\/2021\/04\/IMG-20201114-WA0004.jpg\" alt=\"\" width=\"1200\" height=\"1600\" srcset=\"https:\/\/www.ruokkeenlomakyla.fi\/wp-content\/uploads\/2021\/04\/IMG-20201114-WA0004.jpg 1200w, https:\/\/www.ruokkeenlomakyla.fi\/wp-content\/uploads\/2021\/04\/IMG-20201114-WA0004-225x300.jpg 225w, https:\/\/www.ruokkeenlomakyla.fi\/wp-content\/uploads\/2021\/04\/IMG-20201114-WA0004-768x1024.jpg 768w, https:\/\/www.ruokkeenlomakyla.fi\/wp-content\/uploads\/2021\/04\/IMG-20201114-WA0004-1152x1536.jpg 1152w, https:\/\/www.ruokkeenlomakyla.fi\/wp-content\/uploads\/2021\/04\/IMG-20201114-WA0004-810x1080.jpg 810w, https:\/\/www.ruokkeenlomakyla.fi\/wp-content\/uploads\/2021\/04\/IMG-20201114-WA0004-600x800.jpg 600w\" sizes=\"auto, (max-width: 1200px) 100vw, 1200px\" \/><\/a><\/p>\n<p style=\"text-align: center;\"><code>\n        <section class=\"digitaali-nostobox-component-grid py-5\">\n\n                            <h2 class=\"text-uppercase text-center\">Wir empfehlen uns f\u00fcr den Urlaub<\/h2>\n            \n            <div class=\"dg-nostobox-select-grid\">\n\n                \n\t<div class=\"row dg-grid justify-content-center dg-big-card-grid\">\n\n\t\t            \n\t\t\t<div class=\"col-12 col-sm-12 col-md-6 col-lg-4 col-xl-4\">\n\n\t\t\t\t\n\n\n\t\t<div class=\"dg-nosto-box position-relative dg-default-nostobox hover-scale\">\n\n\t\t\t\t\t\t<a href=\"https:\/\/www.ruokkeenlomakyla.fi\/de\/unterkunft\/\">\n\t\t\t\n\n\t\t\t\t\t\t\t\t<h3 class=\"title mb-0\">Unterkunft<\/h3>\t\n\t\t\t\t\n\n\t\t\t\t\n\t\t\t\t\n\t\t\t\t\t\n \t\t\n \t\t<div class=\"embed-responsive embed-responsive-4by3 \">\n \t\t\t<div class=\"embed-responsive-item  post-thumbnail cover\" style=\"background-image: url('https:\/\/www.ruokkeenlomakyla.fi\/wp-content\/uploads\/2020\/12\/kuva-600x600.jpg')\"><\/div>\n \t\t<\/div>\n\n \t\t\n\n \t\n \t\n\t\t\t\t\n\t\t\t\t\n\n\n\t\t\t\t\t\t<\/a>\n\t\t\t\n\n\t\t<\/div><!-- \/.nosto-box -->\n\n\n\n\n\n\t\n\t\t\t<\/div><!--  \/.col -->\n\n\t\t            \n\t\t\t<div class=\"col-12 col-sm-12 col-md-6 col-lg-4 col-xl-4\">\n\n\t\t\t\t\n\n\n\t\t<div class=\"dg-nosto-box position-relative dg-default-nostobox hover-scale\">\n\n\t\t\t\t\t\t<a href=\"https:\/\/www.ruokkeenlomakyla.fi\/de\/restaurant\/\">\n\t\t\t\n\n\t\t\t\t\t\t\t\t<h3 class=\"title mb-0\">Restaurant<\/h3>\t\n\t\t\t\t\n\n\t\t\t\t\n\t\t\t\t\n\t\t\t\t\t\n \t\t\n \t\t<div class=\"embed-responsive embed-responsive-4by3 \">\n \t\t\t<div class=\"embed-responsive-item  post-thumbnail cover\" style=\"background-image: url('https:\/\/www.ruokkeenlomakyla.fi\/wp-content\/uploads\/2024\/03\/image_67215617-600x600.jpg')\"><\/div>\n \t\t<\/div>\n\n \t\t\n\n \t\n \t\n\t\t\t\t\n\t\t\t\t\n\n\n\t\t\t\t\t\t<\/a>\n\t\t\t\n\n\t\t<\/div><!-- \/.nosto-box -->\n\n\n\n\n\n\t\n\t\t\t<\/div><!--  \/.col -->\n\n\t\t            \n\t\t\t<div class=\"col-12 col-sm-12 col-md-6 col-lg-4 col-xl-4\">\n\n\t\t\t\t\n\n\n\t\t<div class=\"dg-nosto-box position-relative dg-default-nostobox hover-scale\">\n\n\t\t\t\t\t\t<a href=\"https:\/\/www.ruokkeenlomakyla.fi\/de\/campingplatz\/\">\n\t\t\t\n\n\t\t\t\t\t\t\t\t<h3 class=\"title mb-0\">Campingplatz<\/h3>\t\n\t\t\t\t\n\n\t\t\t\t\n\t\t\t\t\n\t\t\t\t\t\n \t\t\n \t\t<div class=\"embed-responsive embed-responsive-4by3 \">\n \t\t\t<div class=\"embed-responsive-item  post-thumbnail cover\" style=\"background-image: url('https:\/\/www.ruokkeenlomakyla.fi\/wp-content\/uploads\/2021\/01\/Ruoke-2-600x600.jpg')\"><\/div>\n \t\t<\/div>\n\n \t\t\n\n \t\n \t\n\t\t\t\t\n\t\t\t\t\n\n\n\t\t\t\t\t\t<\/a>\n\t\t\t\n\n\t\t<\/div><!-- \/.nosto-box -->\n\n\n\n\n\n\t\n\t\t\t<\/div><!--  \/.col -->\n\n\t\t\n\t<\/div><!-- \/.row -->\n\n\t\n            <\/div><!-- \/.nostobox-select-grid -->\n\n        <\/section><!-- \/.digitaali-nostobox-component-grid --> \n    \n    <\/code><\/p>\n","protected":false},"excerpt":{"rendered":"<p>F\u00fcr Angelfreunde Das\u00a0 Feriendorf Ruokkee ist ein Traumziel f\u00fcr Angler! Die Angelangebote des Feriendorfes und die wunderbare Lage am Strand machen das Angeln&#8230;<\/p>\n","protected":false},"author":2,"featured_media":7304,"parent":1959,"menu_order":0,"comment_status":"closed","ping_status":"closed","template":"","meta":{"footnotes":""},"class_list":["post-1969","page","type-page","status-publish","has-post-thumbnail","hentry"],"yoast_head":"<!-- This site is optimized with the Yoast SEO plugin v27.4 - https:\/\/yoast.com\/product\/yoast-seo-wordpress\/ -->\n<title>F\u00fcr Angelfreunde - Ruokkeen Lomakyl\u00e4<\/title>\n<meta name=\"robots\" content=\"index, follow, max-snippet:-1, max-image-preview:large, max-video-preview:-1\" \/>\n<link rel=\"canonical\" href=\"https:\/\/www.ruokkeenlomakyla.fi\/de\/wir-empfehlen\/fuer-angelfreunde\/\" \/>\n<meta property=\"og:locale\" content=\"de_DE\" \/>\n<meta property=\"og:type\" content=\"article\" \/>\n<meta property=\"og:title\" content=\"F\u00fcr Angelfreunde - Ruokkeen Lomakyl\u00e4\" \/>\n<meta property=\"og:description\" content=\"F\u00fcr Angelfreunde Das\u00a0 Feriendorf Ruokkee ist ein Traumziel f\u00fcr Angler! Die Angelangebote des Feriendorfes und die wunderbare Lage am Strand machen das Angeln...\" \/>\n<meta property=\"og:url\" content=\"https:\/\/www.ruokkeenlomakyla.fi\/de\/wir-empfehlen\/fuer-angelfreunde\/\" \/>\n<meta property=\"og:site_name\" content=\"Ruokkeen Lomakyl\u00e4\" \/>\n<meta property=\"article:publisher\" content=\"https:\/\/www.facebook.com\/ruokkee\" \/>\n<meta property=\"article:modified_time\" content=\"2023-04-11T11:20:14+00:00\" \/>\n<meta property=\"og:image\" content=\"https:\/\/www.ruokkeenlomakyla.fi\/wp-content\/uploads\/2021\/11\/006.jpg\" \/>\n\t<meta property=\"og:image:width\" content=\"1280\" \/>\n\t<meta property=\"og:image:height\" content=\"853\" \/>\n\t<meta property=\"og:image:type\" content=\"image\/jpeg\" \/>\n<meta name=\"twitter:card\" content=\"summary_large_image\" \/>\n<meta name=\"twitter:label1\" content=\"Gesch\u00e4tzte Lesezeit\" \/>\n\t<meta name=\"twitter:data1\" content=\"2\u00a0Minuten\" \/>\n<script type=\"application\/ld+json\" class=\"yoast-schema-graph\">{\"@context\":\"https:\\\/\\\/schema.org\",\"@graph\":[{\"@type\":\"WebPage\",\"@id\":\"https:\\\/\\\/www.ruokkeenlomakyla.fi\\\/de\\\/wir-empfehlen\\\/fuer-angelfreunde\\\/\",\"url\":\"https:\\\/\\\/www.ruokkeenlomakyla.fi\\\/de\\\/wir-empfehlen\\\/fuer-angelfreunde\\\/\",\"name\":\"F\u00fcr Angelfreunde - Ruokkeen Lomakyl\u00e4\",\"isPartOf\":{\"@id\":\"https:\\\/\\\/www.ruokkeenlomakyla.fi\\\/de\\\/#website\"},\"primaryImageOfPage\":{\"@id\":\"https:\\\/\\\/www.ruokkeenlomakyla.fi\\\/de\\\/wir-empfehlen\\\/fuer-angelfreunde\\\/#primaryimage\"},\"image\":{\"@id\":\"https:\\\/\\\/www.ruokkeenlomakyla.fi\\\/de\\\/wir-empfehlen\\\/fuer-angelfreunde\\\/#primaryimage\"},\"thumbnailUrl\":\"https:\\\/\\\/www.ruokkeenlomakyla.fi\\\/wp-content\\\/uploads\\\/2021\\\/11\\\/PB014416-e1696323328559.jpg\",\"datePublished\":\"2021-04-19T10:54:45+00:00\",\"dateModified\":\"2023-04-11T11:20:14+00:00\",\"breadcrumb\":{\"@id\":\"https:\\\/\\\/www.ruokkeenlomakyla.fi\\\/de\\\/wir-empfehlen\\\/fuer-angelfreunde\\\/#breadcrumb\"},\"inLanguage\":\"de\",\"potentialAction\":[{\"@type\":\"ReadAction\",\"target\":[\"https:\\\/\\\/www.ruokkeenlomakyla.fi\\\/de\\\/wir-empfehlen\\\/fuer-angelfreunde\\\/\"]}]},{\"@type\":\"ImageObject\",\"inLanguage\":\"de\",\"@id\":\"https:\\\/\\\/www.ruokkeenlomakyla.fi\\\/de\\\/wir-empfehlen\\\/fuer-angelfreunde\\\/#primaryimage\",\"url\":\"https:\\\/\\\/www.ruokkeenlomakyla.fi\\\/wp-content\\\/uploads\\\/2021\\\/11\\\/PB014416-e1696323328559.jpg\",\"contentUrl\":\"https:\\\/\\\/www.ruokkeenlomakyla.fi\\\/wp-content\\\/uploads\\\/2021\\\/11\\\/PB014416-e1696323328559.jpg\",\"width\":2272,\"height\":1704,\"caption\":\"OLYMPUS DIGITAL CAMERA\"},{\"@type\":\"BreadcrumbList\",\"@id\":\"https:\\\/\\\/www.ruokkeenlomakyla.fi\\\/de\\\/wir-empfehlen\\\/fuer-angelfreunde\\\/#breadcrumb\",\"itemListElement\":[{\"@type\":\"ListItem\",\"position\":1,\"name\":\"Startseite\",\"item\":\"https:\\\/\\\/www.ruokkeenlomakyla.fi\\\/de\\\/\"},{\"@type\":\"ListItem\",\"position\":2,\"name\":\"Wir empfehlen\",\"item\":\"https:\\\/\\\/www.ruokkeenlomakyla.fi\\\/de\\\/wir-empfehlen\\\/\"},{\"@type\":\"ListItem\",\"position\":3,\"name\":\"F\u00fcr Angelfreunde\"}]},{\"@type\":\"WebSite\",\"@id\":\"https:\\\/\\\/www.ruokkeenlomakyla.fi\\\/de\\\/#website\",\"url\":\"https:\\\/\\\/www.ruokkeenlomakyla.fi\\\/de\\\/\",\"name\":\"Ruokkeen Lomakyl\u00e4\",\"description\":\"\",\"publisher\":{\"@id\":\"https:\\\/\\\/www.ruokkeenlomakyla.fi\\\/de\\\/#organization\"},\"potentialAction\":[{\"@type\":\"SearchAction\",\"target\":{\"@type\":\"EntryPoint\",\"urlTemplate\":\"https:\\\/\\\/www.ruokkeenlomakyla.fi\\\/de\\\/?s={search_term_string}\"},\"query-input\":{\"@type\":\"PropertyValueSpecification\",\"valueRequired\":true,\"valueName\":\"search_term_string\"}}],\"inLanguage\":\"de\"},{\"@type\":\"Organization\",\"@id\":\"https:\\\/\\\/www.ruokkeenlomakyla.fi\\\/de\\\/#organization\",\"name\":\"Ruokkeen Lomakyl\u00e4\",\"url\":\"https:\\\/\\\/www.ruokkeenlomakyla.fi\\\/de\\\/\",\"logo\":{\"@type\":\"ImageObject\",\"inLanguage\":\"de\",\"@id\":\"https:\\\/\\\/www.ruokkeenlomakyla.fi\\\/de\\\/#\\\/schema\\\/logo\\\/image\\\/\",\"url\":\"https:\\\/\\\/www.ruokkeenlomakyla.fi\\\/wp-content\\\/uploads\\\/2021\\\/04\\\/logo.jpg\",\"contentUrl\":\"https:\\\/\\\/www.ruokkeenlomakyla.fi\\\/wp-content\\\/uploads\\\/2021\\\/04\\\/logo.jpg\",\"width\":768,\"height\":133,\"caption\":\"Ruokkeen Lomakyl\u00e4\"},\"image\":{\"@id\":\"https:\\\/\\\/www.ruokkeenlomakyla.fi\\\/de\\\/#\\\/schema\\\/logo\\\/image\\\/\"},\"sameAs\":[\"https:\\\/\\\/www.facebook.com\\\/ruokkee\",\"https:\\\/\\\/www.instagram.com\\\/ruokkee\\\/\"]}]}<\/script>\n<!-- \/ Yoast SEO plugin. -->","yoast_head_json":{"title":"F\u00fcr Angelfreunde - Ruokkeen Lomakyl\u00e4","robots":{"index":"index","follow":"follow","max-snippet":"max-snippet:-1","max-image-preview":"max-image-preview:large","max-video-preview":"max-video-preview:-1"},"canonical":"https:\/\/www.ruokkeenlomakyla.fi\/de\/wir-empfehlen\/fuer-angelfreunde\/","og_locale":"de_DE","og_type":"article","og_title":"F\u00fcr Angelfreunde - Ruokkeen Lomakyl\u00e4","og_description":"F\u00fcr Angelfreunde Das\u00a0 Feriendorf Ruokkee ist ein Traumziel f\u00fcr Angler! Die Angelangebote des Feriendorfes und die wunderbare Lage am Strand machen das Angeln...","og_url":"https:\/\/www.ruokkeenlomakyla.fi\/de\/wir-empfehlen\/fuer-angelfreunde\/","og_site_name":"Ruokkeen Lomakyl\u00e4","article_publisher":"https:\/\/www.facebook.com\/ruokkee","article_modified_time":"2023-04-11T11:20:14+00:00","og_image":[{"width":1280,"height":853,"url":"https:\/\/www.ruokkeenlomakyla.fi\/wp-content\/uploads\/2021\/11\/006.jpg","type":"image\/jpeg"}],"twitter_card":"summary_large_image","twitter_misc":{"Gesch\u00e4tzte Lesezeit":"2\u00a0Minuten"},"schema":{"@context":"https:\/\/schema.org","@graph":[{"@type":"WebPage","@id":"https:\/\/www.ruokkeenlomakyla.fi\/de\/wir-empfehlen\/fuer-angelfreunde\/","url":"https:\/\/www.ruokkeenlomakyla.fi\/de\/wir-empfehlen\/fuer-angelfreunde\/","name":"F\u00fcr Angelfreunde - Ruokkeen Lomakyl\u00e4","isPartOf":{"@id":"https:\/\/www.ruokkeenlomakyla.fi\/de\/#website"},"primaryImageOfPage":{"@id":"https:\/\/www.ruokkeenlomakyla.fi\/de\/wir-empfehlen\/fuer-angelfreunde\/#primaryimage"},"image":{"@id":"https:\/\/www.ruokkeenlomakyla.fi\/de\/wir-empfehlen\/fuer-angelfreunde\/#primaryimage"},"thumbnailUrl":"https:\/\/www.ruokkeenlomakyla.fi\/wp-content\/uploads\/2021\/11\/PB014416-e1696323328559.jpg","datePublished":"2021-04-19T10:54:45+00:00","dateModified":"2023-04-11T11:20:14+00:00","breadcrumb":{"@id":"https:\/\/www.ruokkeenlomakyla.fi\/de\/wir-empfehlen\/fuer-angelfreunde\/#breadcrumb"},"inLanguage":"de","potentialAction":[{"@type":"ReadAction","target":["https:\/\/www.ruokkeenlomakyla.fi\/de\/wir-empfehlen\/fuer-angelfreunde\/"]}]},{"@type":"ImageObject","inLanguage":"de","@id":"https:\/\/www.ruokkeenlomakyla.fi\/de\/wir-empfehlen\/fuer-angelfreunde\/#primaryimage","url":"https:\/\/www.ruokkeenlomakyla.fi\/wp-content\/uploads\/2021\/11\/PB014416-e1696323328559.jpg","contentUrl":"https:\/\/www.ruokkeenlomakyla.fi\/wp-content\/uploads\/2021\/11\/PB014416-e1696323328559.jpg","width":2272,"height":1704,"caption":"OLYMPUS DIGITAL CAMERA"},{"@type":"BreadcrumbList","@id":"https:\/\/www.ruokkeenlomakyla.fi\/de\/wir-empfehlen\/fuer-angelfreunde\/#breadcrumb","itemListElement":[{"@type":"ListItem","position":1,"name":"Startseite","item":"https:\/\/www.ruokkeenlomakyla.fi\/de\/"},{"@type":"ListItem","position":2,"name":"Wir empfehlen","item":"https:\/\/www.ruokkeenlomakyla.fi\/de\/wir-empfehlen\/"},{"@type":"ListItem","position":3,"name":"F\u00fcr Angelfreunde"}]},{"@type":"WebSite","@id":"https:\/\/www.ruokkeenlomakyla.fi\/de\/#website","url":"https:\/\/www.ruokkeenlomakyla.fi\/de\/","name":"Ruokkeen Lomakyl\u00e4","description":"","publisher":{"@id":"https:\/\/www.ruokkeenlomakyla.fi\/de\/#organization"},"potentialAction":[{"@type":"SearchAction","target":{"@type":"EntryPoint","urlTemplate":"https:\/\/www.ruokkeenlomakyla.fi\/de\/?s={search_term_string}"},"query-input":{"@type":"PropertyValueSpecification","valueRequired":true,"valueName":"search_term_string"}}],"inLanguage":"de"},{"@type":"Organization","@id":"https:\/\/www.ruokkeenlomakyla.fi\/de\/#organization","name":"Ruokkeen Lomakyl\u00e4","url":"https:\/\/www.ruokkeenlomakyla.fi\/de\/","logo":{"@type":"ImageObject","inLanguage":"de","@id":"https:\/\/www.ruokkeenlomakyla.fi\/de\/#\/schema\/logo\/image\/","url":"https:\/\/www.ruokkeenlomakyla.fi\/wp-content\/uploads\/2021\/04\/logo.jpg","contentUrl":"https:\/\/www.ruokkeenlomakyla.fi\/wp-content\/uploads\/2021\/04\/logo.jpg","width":768,"height":133,"caption":"Ruokkeen Lomakyl\u00e4"},"image":{"@id":"https:\/\/www.ruokkeenlomakyla.fi\/de\/#\/schema\/logo\/image\/"},"sameAs":["https:\/\/www.facebook.com\/ruokkee","https:\/\/www.instagram.com\/ruokkee\/"]}]}},"_links":{"self":[{"href":"https:\/\/www.ruokkeenlomakyla.fi\/de\/wp-json\/wp\/v2\/pages\/1969","targetHints":{"allow":["GET"]}}],"collection":[{"href":"https:\/\/www.ruokkeenlomakyla.fi\/de\/wp-json\/wp\/v2\/pages"}],"about":[{"href":"https:\/\/www.ruokkeenlomakyla.fi\/de\/wp-json\/wp\/v2\/types\/page"}],"author":[{"embeddable":true,"href":"https:\/\/www.ruokkeenlomakyla.fi\/de\/wp-json\/wp\/v2\/users\/2"}],"replies":[{"embeddable":true,"href":"https:\/\/www.ruokkeenlomakyla.fi\/de\/wp-json\/wp\/v2\/comments?post=1969"}],"version-history":[{"count":10,"href":"https:\/\/www.ruokkeenlomakyla.fi\/de\/wp-json\/wp\/v2\/pages\/1969\/revisions"}],"predecessor-version":[{"id":13031,"href":"https:\/\/www.ruokkeenlomakyla.fi\/de\/wp-json\/wp\/v2\/pages\/1969\/revisions\/13031"}],"up":[{"embeddable":true,"href":"https:\/\/www.ruokkeenlomakyla.fi\/de\/wp-json\/wp\/v2\/pages\/1959"}],"wp:featuredmedia":[{"embeddable":true,"href":"https:\/\/www.ruokkeenlomakyla.fi\/de\/wp-json\/wp\/v2\/media\/7304"}],"wp:attachment":[{"href":"https:\/\/www.ruokkeenlomakyla.fi\/de\/wp-json\/wp\/v2\/media?parent=1969"}],"curies":[{"name":"wp","href":"https:\/\/api.w.org\/{rel}","templated":true}]}}