{"id":1964,"date":"2021-04-19T13:52:33","date_gmt":"2021-04-19T10:52:33","guid":{"rendered":"https:\/\/www.ruokkeenlomakyla.fi\/?page_id=1964"},"modified":"2023-02-25T14:57:41","modified_gmt":"2023-02-25T12:57:41","slug":"fuer-camper","status":"publish","type":"page","link":"https:\/\/www.ruokkeenlomakyla.fi\/de\/wir-empfehlen\/fuer-camper\/","title":{"rendered":"F\u00fcr Camper"},"content":{"rendered":"<h2 style=\"text-align: center;\">F\u00fcr Camper<\/h2>\n<p class=\"lead\" style=\"text-align: center;\">Die M\u00f6glichkeiten des Feriendorfs Ruokkee garantieren einen gelungenen Urlaub f\u00fcr Camper.<\/p>\n<p style=\"text-align: center;\">Das Feriendorf verf\u00fcgt \u00fcber 85 Wohnwagenstellpl\u00e4tze, von denen etwa die H\u00e4lfte von Dauercampern genutzt werden. Der Campingplatz ist 6 km von der n\u00e4chsten gr\u00f6sseren Strasse entfernt und herrlich ruhig gelegen. F\u00fcr Camper stehen mehrere Servicegeb\u00e4ude mit Dusche\/WC sowie eine grosse K\u00fcche mit Tischen und B\u00e4nken bereit. In einem Nebengeb\u00e4ude befindet sich die Servicestation f\u00fcr die Entsorgung der Chemietoilette sowie eine Waschmaschine und ein Trockner. An der Rezeption kann man auch die Gasflasche umtauschen und Grundnahrungsmittel erwerben.<\/p>\n<p style=\"text-align: center;\">\u00a0Das gem\u00fctliche Restaurant des Feriendorfes bringt Abwechselung in den Urlaub und bietet leckeres Essen f\u00fcr Kinder und Erwachsene. Direkt am Strand gibt es eine grosse Grillh\u00fctte sowie zwei offene Grillm\u00f6glichkeiten. Das Holz liegt bereit und l\u00e4dt dazu ein, W\u00fcrstchen und andere Snacks zu grillen.<\/p>\n<p style=\"text-align: center;\">Im Feriendorf kann man eine sch\u00f6ne Zeit mit verschiedenen Aktivit\u00e4ten verbringen (Minigolf, SUP, Boot oder Kanu fahren, Padel spielen, angeln, Frisbeegolf, Tischtennis, Billiard) oder einfach am Sandstrand faulenzen. Im Winter gibt es eine Eisfl\u00e4che zum Eishockey spielen und gespurte Loipen. Um sich zu verw\u00f6hnen kann man eine Sauna f\u00fcr den privaten Gebrauch\u00a0 mieten. Es k\u00f6nnen eine grosse elektrisch beheizte Sauna, 2 unterschiedliche Holzsaunen und eine Rauchsauna gebucht werden. Der Campingplatz verf\u00fcgt \u00fcber kostenloses WLAN f\u00fcr die G\u00e4ste. W\u00e4hrend dem Aufenthalt kann das E-Auto an zwei Stationen aufgeladen werden.<\/p>\n<p><a href=\"https:\/\/www.ruokkeenlomakyla.fi\/de\/wir-empfehlen\/fuer-camper\/ruokkeen-lomakylae-0099muokattu\/\" rel=\"attachment wp-att-12458\"><img loading=\"lazy\" decoding=\"async\" class=\" img-fluid aligncenter wp-image-12458 size-full\" src=\"https:\/\/www.ruokkeenlomakyla.fi\/wp-content\/uploads\/2023\/02\/Ruokkeen-lomakyla-0099muokattu-scaled.jpg\" alt=\"\" width=\"2560\" height=\"1502\" srcset=\"https:\/\/www.ruokkeenlomakyla.fi\/wp-content\/uploads\/2023\/02\/Ruokkeen-lomakyla-0099muokattu-scaled.jpg 2560w, https:\/\/www.ruokkeenlomakyla.fi\/wp-content\/uploads\/2023\/02\/Ruokkeen-lomakyla-0099muokattu-300x176.jpg 300w, https:\/\/www.ruokkeenlomakyla.fi\/wp-content\/uploads\/2023\/02\/Ruokkeen-lomakyla-0099muokattu-1024x601.jpg 1024w, https:\/\/www.ruokkeenlomakyla.fi\/wp-content\/uploads\/2023\/02\/Ruokkeen-lomakyla-0099muokattu-768x451.jpg 768w, https:\/\/www.ruokkeenlomakyla.fi\/wp-content\/uploads\/2023\/02\/Ruokkeen-lomakyla-0099muokattu-1536x901.jpg 1536w, https:\/\/www.ruokkeenlomakyla.fi\/wp-content\/uploads\/2023\/02\/Ruokkeen-lomakyla-0099muokattu-2048x1201.jpg 2048w, https:\/\/www.ruokkeenlomakyla.fi\/wp-content\/uploads\/2023\/02\/Ruokkeen-lomakyla-0099muokattu-1841x1080.jpg 1841w, https:\/\/www.ruokkeenlomakyla.fi\/wp-content\/uploads\/2023\/02\/Ruokkeen-lomakyla-0099muokattu-600x352.jpg 600w\" sizes=\"auto, (max-width: 2560px) 100vw, 2560px\" \/><\/a><\/p>\n<p><code>\n        <section class=\"digitaali-nostobox-component-grid py-5\">\n\n                            <h2 class=\"text-uppercase text-center\">Wir empfehlen uns f\u00fcr den Urlaub<\/h2>\n            \n            <div class=\"dg-nostobox-select-grid\">\n\n                \n\t<div class=\"row dg-grid justify-content-center dg-big-card-grid\">\n\n\t\t            \n\t\t\t<div class=\"col-12 col-sm-12 col-md-6 col-lg-4 col-xl-4\">\n\n\t\t\t\t\n\n\n\t\t<div class=\"dg-nosto-box position-relative dg-default-nostobox hover-scale\">\n\n\t\t\t\t\t\t<a href=\"https:\/\/www.ruokkeenlomakyla.fi\/de\/campingplatz\/\">\n\t\t\t\n\n\t\t\t\t\t\t\t\t<h3 class=\"title mb-0\">Campingplatz<\/h3>\t\n\t\t\t\t\n\n\t\t\t\t\n\t\t\t\t\n\t\t\t\t\t\n \t\t\n \t\t<div class=\"embed-responsive embed-responsive-4by3 \">\n \t\t\t<div class=\"embed-responsive-item  post-thumbnail cover\" style=\"background-image: url('https:\/\/www.ruokkeenlomakyla.fi\/wp-content\/uploads\/2021\/01\/Ruoke-2-600x600.jpg')\"><\/div>\n \t\t<\/div>\n\n \t\t\n\n \t\n \t\n\t\t\t\t\n\t\t\t\t\n\n\n\t\t\t\t\t\t<\/a>\n\t\t\t\n\n\t\t<\/div><!-- \/.nosto-box -->\n\n\n\n\n\n\t\n\t\t\t<\/div><!--  \/.col -->\n\n\t\t            \n\t\t\t<div class=\"col-12 col-sm-12 col-md-6 col-lg-4 col-xl-4\">\n\n\t\t\t\t\n\n\n\t\t<div class=\"dg-nosto-box position-relative dg-default-nostobox hover-scale\">\n\n\t\t\t\t\t\t<a href=\"https:\/\/www.ruokkeenlomakyla.fi\/de\/aktivitaeten\/\">\n\t\t\t\n\n\t\t\t\t\t\t\t\t<h3 class=\"title mb-0\">Aktivit\u00e4ten<\/h3>\t\n\t\t\t\t\n\n\t\t\t\t\n\t\t\t\t\n\t\t\t\t\t\n \t\t\n \t\t<div class=\"embed-responsive embed-responsive-4by3 \">\n \t\t\t<div class=\"embed-responsive-item  post-thumbnail cover\" style=\"background-image: url('https:\/\/www.ruokkeenlomakyla.fi\/wp-content\/uploads\/2024\/05\/20240523_121519-600x600.jpg')\"><\/div>\n \t\t<\/div>\n\n \t\t\n\n \t\n \t\n\t\t\t\t\n\t\t\t\t\n\n\n\t\t\t\t\t\t<\/a>\n\t\t\t\n\n\t\t<\/div><!-- \/.nosto-box -->\n\n\n\n\n\n\t\n\t\t\t<\/div><!--  \/.col -->\n\n\t\t            \n\t\t\t<div class=\"col-12 col-sm-12 col-md-6 col-lg-4 col-xl-4\">\n\n\t\t\t\t\n\n\n\t\t<div class=\"dg-nosto-box position-relative dg-default-nostobox hover-scale\">\n\n\t\t\t\t\t\t<a href=\"https:\/\/www.ruokkeenlomakyla.fi\/de\/restaurant\/\">\n\t\t\t\n\n\t\t\t\t\t\t\t\t<h3 class=\"title mb-0\">Restaurant<\/h3>\t\n\t\t\t\t\n\n\t\t\t\t\n\t\t\t\t\n\t\t\t\t\t\n \t\t\n \t\t<div class=\"embed-responsive embed-responsive-4by3 \">\n \t\t\t<div class=\"embed-responsive-item  post-thumbnail cover\" style=\"background-image: url('https:\/\/www.ruokkeenlomakyla.fi\/wp-content\/uploads\/2024\/03\/image_67215617-600x600.jpg')\"><\/div>\n \t\t<\/div>\n\n \t\t\n\n \t\n \t\n\t\t\t\t\n\t\t\t\t\n\n\n\t\t\t\t\t\t<\/a>\n\t\t\t\n\n\t\t<\/div><!-- \/.nosto-box -->\n\n\n\n\n\n\t\n\t\t\t<\/div><!--  \/.col -->\n\n\t\t\n\t<\/div><!-- \/.row -->\n\n\t\n            <\/div><!-- \/.nostobox-select-grid -->\n\n        <\/section><!-- \/.digitaali-nostobox-component-grid --> \n    \n    <\/code><\/p>\n","protected":false},"excerpt":{"rendered":"<p>F\u00fcr Camper Die M\u00f6glichkeiten des Feriendorfs Ruokkee garantieren einen gelungenen Urlaub f\u00fcr Camper. Das Feriendorf verf\u00fcgt \u00fcber 85 Wohnwagenstellpl\u00e4tze, von denen etwa die&#8230;<\/p>\n","protected":false},"author":2,"featured_media":20988,"parent":1959,"menu_order":0,"comment_status":"closed","ping_status":"closed","template":"","meta":{"footnotes":""},"class_list":["post-1964","page","type-page","status-publish","has-post-thumbnail","hentry"],"yoast_head":"<!-- This site is optimized with the Yoast SEO plugin v27.4 - https:\/\/yoast.com\/product\/yoast-seo-wordpress\/ -->\n<title>F\u00fcr Camper - Ruokkeen Lomakyl\u00e4<\/title>\n<meta name=\"robots\" content=\"index, follow, max-snippet:-1, max-image-preview:large, max-video-preview:-1\" \/>\n<link rel=\"canonical\" href=\"https:\/\/www.ruokkeenlomakyla.fi\/de\/wir-empfehlen\/fuer-camper\/\" \/>\n<meta property=\"og:locale\" content=\"de_DE\" \/>\n<meta property=\"og:type\" content=\"article\" \/>\n<meta property=\"og:title\" content=\"F\u00fcr Camper - Ruokkeen Lomakyl\u00e4\" \/>\n<meta property=\"og:description\" content=\"F\u00fcr Camper Die M\u00f6glichkeiten des Feriendorfs Ruokkee garantieren einen gelungenen Urlaub f\u00fcr Camper. Das Feriendorf verf\u00fcgt \u00fcber 85 Wohnwagenstellpl\u00e4tze, von denen etwa die...\" \/>\n<meta property=\"og:url\" content=\"https:\/\/www.ruokkeenlomakyla.fi\/de\/wir-empfehlen\/fuer-camper\/\" \/>\n<meta property=\"og:site_name\" content=\"Ruokkeen Lomakyl\u00e4\" \/>\n<meta property=\"article:publisher\" content=\"https:\/\/www.facebook.com\/ruokkee\" \/>\n<meta property=\"article:modified_time\" content=\"2023-02-25T12:57:41+00:00\" \/>\n<meta property=\"og:image\" content=\"https:\/\/www.ruokkeenlomakyla.fi\/wp-content\/uploads\/2021\/02\/Ruokkeen-lomakyla-4840-1024x558.jpg\" \/>\n\t<meta property=\"og:image:width\" content=\"1024\" \/>\n\t<meta property=\"og:image:height\" content=\"558\" \/>\n\t<meta property=\"og:image:type\" content=\"image\/jpeg\" \/>\n<meta name=\"twitter:card\" content=\"summary_large_image\" \/>\n<meta name=\"twitter:label1\" content=\"Gesch\u00e4tzte Lesezeit\" \/>\n\t<meta name=\"twitter:data1\" content=\"2\u00a0Minuten\" \/>\n<script type=\"application\/ld+json\" class=\"yoast-schema-graph\">{\"@context\":\"https:\\\/\\\/schema.org\",\"@graph\":[{\"@type\":\"WebPage\",\"@id\":\"https:\\\/\\\/www.ruokkeenlomakyla.fi\\\/de\\\/wir-empfehlen\\\/fuer-camper\\\/\",\"url\":\"https:\\\/\\\/www.ruokkeenlomakyla.fi\\\/de\\\/wir-empfehlen\\\/fuer-camper\\\/\",\"name\":\"F\u00fcr Camper - Ruokkeen Lomakyl\u00e4\",\"isPartOf\":{\"@id\":\"https:\\\/\\\/www.ruokkeenlomakyla.fi\\\/de\\\/#website\"},\"primaryImageOfPage\":{\"@id\":\"https:\\\/\\\/www.ruokkeenlomakyla.fi\\\/de\\\/wir-empfehlen\\\/fuer-camper\\\/#primaryimage\"},\"image\":{\"@id\":\"https:\\\/\\\/www.ruokkeenlomakyla.fi\\\/de\\\/wir-empfehlen\\\/fuer-camper\\\/#primaryimage\"},\"thumbnailUrl\":\"https:\\\/\\\/www.ruokkeenlomakyla.fi\\\/wp-content\\\/uploads\\\/2024\\\/09\\\/IMG_2195-rotated.jpeg\",\"datePublished\":\"2021-04-19T10:52:33+00:00\",\"dateModified\":\"2023-02-25T12:57:41+00:00\",\"breadcrumb\":{\"@id\":\"https:\\\/\\\/www.ruokkeenlomakyla.fi\\\/de\\\/wir-empfehlen\\\/fuer-camper\\\/#breadcrumb\"},\"inLanguage\":\"de\",\"potentialAction\":[{\"@type\":\"ReadAction\",\"target\":[\"https:\\\/\\\/www.ruokkeenlomakyla.fi\\\/de\\\/wir-empfehlen\\\/fuer-camper\\\/\"]}]},{\"@type\":\"ImageObject\",\"inLanguage\":\"de\",\"@id\":\"https:\\\/\\\/www.ruokkeenlomakyla.fi\\\/de\\\/wir-empfehlen\\\/fuer-camper\\\/#primaryimage\",\"url\":\"https:\\\/\\\/www.ruokkeenlomakyla.fi\\\/wp-content\\\/uploads\\\/2024\\\/09\\\/IMG_2195-rotated.jpeg\",\"contentUrl\":\"https:\\\/\\\/www.ruokkeenlomakyla.fi\\\/wp-content\\\/uploads\\\/2024\\\/09\\\/IMG_2195-rotated.jpeg\",\"width\":1500,\"height\":2000},{\"@type\":\"BreadcrumbList\",\"@id\":\"https:\\\/\\\/www.ruokkeenlomakyla.fi\\\/de\\\/wir-empfehlen\\\/fuer-camper\\\/#breadcrumb\",\"itemListElement\":[{\"@type\":\"ListItem\",\"position\":1,\"name\":\"Startseite\",\"item\":\"https:\\\/\\\/www.ruokkeenlomakyla.fi\\\/de\\\/\"},{\"@type\":\"ListItem\",\"position\":2,\"name\":\"Wir empfehlen\",\"item\":\"https:\\\/\\\/www.ruokkeenlomakyla.fi\\\/de\\\/wir-empfehlen\\\/\"},{\"@type\":\"ListItem\",\"position\":3,\"name\":\"F\u00fcr Camper\"}]},{\"@type\":\"WebSite\",\"@id\":\"https:\\\/\\\/www.ruokkeenlomakyla.fi\\\/de\\\/#website\",\"url\":\"https:\\\/\\\/www.ruokkeenlomakyla.fi\\\/de\\\/\",\"name\":\"Ruokkeen Lomakyl\u00e4\",\"description\":\"\",\"publisher\":{\"@id\":\"https:\\\/\\\/www.ruokkeenlomakyla.fi\\\/de\\\/#organization\"},\"potentialAction\":[{\"@type\":\"SearchAction\",\"target\":{\"@type\":\"EntryPoint\",\"urlTemplate\":\"https:\\\/\\\/www.ruokkeenlomakyla.fi\\\/de\\\/?s={search_term_string}\"},\"query-input\":{\"@type\":\"PropertyValueSpecification\",\"valueRequired\":true,\"valueName\":\"search_term_string\"}}],\"inLanguage\":\"de\"},{\"@type\":\"Organization\",\"@id\":\"https:\\\/\\\/www.ruokkeenlomakyla.fi\\\/de\\\/#organization\",\"name\":\"Ruokkeen Lomakyl\u00e4\",\"url\":\"https:\\\/\\\/www.ruokkeenlomakyla.fi\\\/de\\\/\",\"logo\":{\"@type\":\"ImageObject\",\"inLanguage\":\"de\",\"@id\":\"https:\\\/\\\/www.ruokkeenlomakyla.fi\\\/de\\\/#\\\/schema\\\/logo\\\/image\\\/\",\"url\":\"https:\\\/\\\/www.ruokkeenlomakyla.fi\\\/wp-content\\\/uploads\\\/2021\\\/04\\\/logo.jpg\",\"contentUrl\":\"https:\\\/\\\/www.ruokkeenlomakyla.fi\\\/wp-content\\\/uploads\\\/2021\\\/04\\\/logo.jpg\",\"width\":768,\"height\":133,\"caption\":\"Ruokkeen Lomakyl\u00e4\"},\"image\":{\"@id\":\"https:\\\/\\\/www.ruokkeenlomakyla.fi\\\/de\\\/#\\\/schema\\\/logo\\\/image\\\/\"},\"sameAs\":[\"https:\\\/\\\/www.facebook.com\\\/ruokkee\",\"https:\\\/\\\/www.instagram.com\\\/ruokkee\\\/\"]}]}<\/script>\n<!-- \/ Yoast SEO plugin. -->","yoast_head_json":{"title":"F\u00fcr Camper - Ruokkeen Lomakyl\u00e4","robots":{"index":"index","follow":"follow","max-snippet":"max-snippet:-1","max-image-preview":"max-image-preview:large","max-video-preview":"max-video-preview:-1"},"canonical":"https:\/\/www.ruokkeenlomakyla.fi\/de\/wir-empfehlen\/fuer-camper\/","og_locale":"de_DE","og_type":"article","og_title":"F\u00fcr Camper - Ruokkeen Lomakyl\u00e4","og_description":"F\u00fcr Camper Die M\u00f6glichkeiten des Feriendorfs Ruokkee garantieren einen gelungenen Urlaub f\u00fcr Camper. Das Feriendorf verf\u00fcgt \u00fcber 85 Wohnwagenstellpl\u00e4tze, von denen etwa die...","og_url":"https:\/\/www.ruokkeenlomakyla.fi\/de\/wir-empfehlen\/fuer-camper\/","og_site_name":"Ruokkeen Lomakyl\u00e4","article_publisher":"https:\/\/www.facebook.com\/ruokkee","article_modified_time":"2023-02-25T12:57:41+00:00","og_image":[{"width":1024,"height":558,"url":"https:\/\/www.ruokkeenlomakyla.fi\/wp-content\/uploads\/2021\/02\/Ruokkeen-lomakyla-4840-1024x558.jpg","type":"image\/jpeg"}],"twitter_card":"summary_large_image","twitter_misc":{"Gesch\u00e4tzte Lesezeit":"2\u00a0Minuten"},"schema":{"@context":"https:\/\/schema.org","@graph":[{"@type":"WebPage","@id":"https:\/\/www.ruokkeenlomakyla.fi\/de\/wir-empfehlen\/fuer-camper\/","url":"https:\/\/www.ruokkeenlomakyla.fi\/de\/wir-empfehlen\/fuer-camper\/","name":"F\u00fcr Camper - Ruokkeen Lomakyl\u00e4","isPartOf":{"@id":"https:\/\/www.ruokkeenlomakyla.fi\/de\/#website"},"primaryImageOfPage":{"@id":"https:\/\/www.ruokkeenlomakyla.fi\/de\/wir-empfehlen\/fuer-camper\/#primaryimage"},"image":{"@id":"https:\/\/www.ruokkeenlomakyla.fi\/de\/wir-empfehlen\/fuer-camper\/#primaryimage"},"thumbnailUrl":"https:\/\/www.ruokkeenlomakyla.fi\/wp-content\/uploads\/2024\/09\/IMG_2195-rotated.jpeg","datePublished":"2021-04-19T10:52:33+00:00","dateModified":"2023-02-25T12:57:41+00:00","breadcrumb":{"@id":"https:\/\/www.ruokkeenlomakyla.fi\/de\/wir-empfehlen\/fuer-camper\/#breadcrumb"},"inLanguage":"de","potentialAction":[{"@type":"ReadAction","target":["https:\/\/www.ruokkeenlomakyla.fi\/de\/wir-empfehlen\/fuer-camper\/"]}]},{"@type":"ImageObject","inLanguage":"de","@id":"https:\/\/www.ruokkeenlomakyla.fi\/de\/wir-empfehlen\/fuer-camper\/#primaryimage","url":"https:\/\/www.ruokkeenlomakyla.fi\/wp-content\/uploads\/2024\/09\/IMG_2195-rotated.jpeg","contentUrl":"https:\/\/www.ruokkeenlomakyla.fi\/wp-content\/uploads\/2024\/09\/IMG_2195-rotated.jpeg","width":1500,"height":2000},{"@type":"BreadcrumbList","@id":"https:\/\/www.ruokkeenlomakyla.fi\/de\/wir-empfehlen\/fuer-camper\/#breadcrumb","itemListElement":[{"@type":"ListItem","position":1,"name":"Startseite","item":"https:\/\/www.ruokkeenlomakyla.fi\/de\/"},{"@type":"ListItem","position":2,"name":"Wir empfehlen","item":"https:\/\/www.ruokkeenlomakyla.fi\/de\/wir-empfehlen\/"},{"@type":"ListItem","position":3,"name":"F\u00fcr Camper"}]},{"@type":"WebSite","@id":"https:\/\/www.ruokkeenlomakyla.fi\/de\/#website","url":"https:\/\/www.ruokkeenlomakyla.fi\/de\/","name":"Ruokkeen Lomakyl\u00e4","description":"","publisher":{"@id":"https:\/\/www.ruokkeenlomakyla.fi\/de\/#organization"},"potentialAction":[{"@type":"SearchAction","target":{"@type":"EntryPoint","urlTemplate":"https:\/\/www.ruokkeenlomakyla.fi\/de\/?s={search_term_string}"},"query-input":{"@type":"PropertyValueSpecification","valueRequired":true,"valueName":"search_term_string"}}],"inLanguage":"de"},{"@type":"Organization","@id":"https:\/\/www.ruokkeenlomakyla.fi\/de\/#organization","name":"Ruokkeen Lomakyl\u00e4","url":"https:\/\/www.ruokkeenlomakyla.fi\/de\/","logo":{"@type":"ImageObject","inLanguage":"de","@id":"https:\/\/www.ruokkeenlomakyla.fi\/de\/#\/schema\/logo\/image\/","url":"https:\/\/www.ruokkeenlomakyla.fi\/wp-content\/uploads\/2021\/04\/logo.jpg","contentUrl":"https:\/\/www.ruokkeenlomakyla.fi\/wp-content\/uploads\/2021\/04\/logo.jpg","width":768,"height":133,"caption":"Ruokkeen Lomakyl\u00e4"},"image":{"@id":"https:\/\/www.ruokkeenlomakyla.fi\/de\/#\/schema\/logo\/image\/"},"sameAs":["https:\/\/www.facebook.com\/ruokkee","https:\/\/www.instagram.com\/ruokkee\/"]}]}},"_links":{"self":[{"href":"https:\/\/www.ruokkeenlomakyla.fi\/de\/wp-json\/wp\/v2\/pages\/1964","targetHints":{"allow":["GET"]}}],"collection":[{"href":"https:\/\/www.ruokkeenlomakyla.fi\/de\/wp-json\/wp\/v2\/pages"}],"about":[{"href":"https:\/\/www.ruokkeenlomakyla.fi\/de\/wp-json\/wp\/v2\/types\/page"}],"author":[{"embeddable":true,"href":"https:\/\/www.ruokkeenlomakyla.fi\/de\/wp-json\/wp\/v2\/users\/2"}],"replies":[{"embeddable":true,"href":"https:\/\/www.ruokkeenlomakyla.fi\/de\/wp-json\/wp\/v2\/comments?post=1964"}],"version-history":[{"count":8,"href":"https:\/\/www.ruokkeenlomakyla.fi\/de\/wp-json\/wp\/v2\/pages\/1964\/revisions"}],"predecessor-version":[{"id":12462,"href":"https:\/\/www.ruokkeenlomakyla.fi\/de\/wp-json\/wp\/v2\/pages\/1964\/revisions\/12462"}],"up":[{"embeddable":true,"href":"https:\/\/www.ruokkeenlomakyla.fi\/de\/wp-json\/wp\/v2\/pages\/1959"}],"wp:featuredmedia":[{"embeddable":true,"href":"https:\/\/www.ruokkeenlomakyla.fi\/de\/wp-json\/wp\/v2\/media\/20988"}],"wp:attachment":[{"href":"https:\/\/www.ruokkeenlomakyla.fi\/de\/wp-json\/wp\/v2\/media?parent=1964"}],"curies":[{"name":"wp","href":"https:\/\/api.w.org\/{rel}","templated":true}]}}