{"id":1952,"date":"2021-04-19T12:55:22","date_gmt":"2021-04-19T09:55:22","guid":{"rendered":"https:\/\/www.ruokkeenlomakyla.fi\/?page_id=1952"},"modified":"2023-02-23T15:20:22","modified_gmt":"2023-02-23T13:20:22","slug":"restaurant","status":"publish","type":"page","link":"https:\/\/www.ruokkeenlomakyla.fi\/de\/restaurant\/","title":{"rendered":"Restaurant"},"content":{"rendered":"<h2 style=\"text-align: center;\">Restaurant<\/h2>\n<p class=\"lead\" style=\"text-align: center;\">Das Restaurant des Feriendorfes ist vom 1.5. &#8211; 31.8. t\u00e4glich und zu anderen Zeiten nach Vereinbarung ge\u00f6ffnet.<\/p>\n<p style=\"text-align: center;\">Das Mittagessen kann t\u00e4glich von Mitte Juni bis Mitte August von 12 bis 16 Uhr an einem reichhaltigen Buffet zusammengestellt werden. Das Mittagessen ist hausgemacht und insbesondere Fischliebhaber k\u00f6nnen eine reichhaltige Auswahl an Fisch genie\u00dfen. Das Restaurant bevorzugt lokale K\u00fcche und der Fisch auf dem Mittagstisch wird bei\u00a0 Laukkasen Kala verarbeitet. Von Mittsommer bis Ende August umfasst das w\u00f6chentliche Programm des Restaurants Strandfisch, Flammlachs und Piratenbraten.<\/p>\n<p style=\"text-align: center;\">Das Restaurant verf\u00fcgt \u00fcber 90 Sitzpl\u00e4tze im Innenbereich und 200 Sitzpl\u00e4tze auf der \u00fcberdachten Terrasse. Es ist m\u00f6glich, private Veranstaltungen wie Hochzeiten, Geburtstage oder Firmenfeiern zu organisieren. Au\u00dferhalb der Saison gibt es auch einen Catering-Service.<\/p>\n<p style=\"text-align: center;\">Im Sommer kann man auf der Terrasse des Restaurants Live-Musik genie\u00dfen, von Juni bis Mitte August werden montags immer in riesigen Kesseln zubereitete Fischsuppen angeboten, danach klingt der Abend mit DJ- \/ Karaoke-\/Tanz aus. Mittwochs wird in der Grillh\u00fctte der k\u00f6stliche Flammlachs nach alter Familientradition zubereitet.<br \/>\nIm Restaurant kann man einen Freund auch zu einer Partie Billard oder Snooker herausfordern oder die Angebote der Bibliothek erkunden.<\/p>\n<p style=\"text-align: center;\">In der N\u00e4he der Rezeption\u00a0 befindet sich eine Ladestation f\u00fcr Elektroautos (2 * 22 kw).\u00a0 Ab 1. Februar 2022 betr\u00e4gt der Ladepreis 0,30 \u20ac\/Kwh.<\/p>\n<p><img loading=\"lazy\" decoding=\"async\" class=\"img-fluid wp-image-438 size-full aligncenter\" src=\"https:\/\/www.ruokkeenlomakyla.fi\/wp-content\/uploads\/2021\/01\/MR61644-2.jpg\" sizes=\"auto, (max-width: 2000px) 100vw, 2000px\" srcset=\"https:\/\/www.ruokkeenlomakyla.fi\/wp-content\/uploads\/2021\/01\/MR61644-2.jpg 2000w, https:\/\/www.ruokkeenlomakyla.fi\/wp-content\/uploads\/2021\/01\/MR61644-2-300x192.jpg 300w, https:\/\/www.ruokkeenlomakyla.fi\/wp-content\/uploads\/2021\/01\/MR61644-2-1024x656.jpg 1024w, https:\/\/www.ruokkeenlomakyla.fi\/wp-content\/uploads\/2021\/01\/MR61644-2-768x492.jpg 768w, https:\/\/www.ruokkeenlomakyla.fi\/wp-content\/uploads\/2021\/01\/MR61644-2-1536x985.jpg 1536w, https:\/\/www.ruokkeenlomakyla.fi\/wp-content\/uploads\/2021\/01\/MR61644-2-1685x1080.jpg 1685w, https:\/\/www.ruokkeenlomakyla.fi\/wp-content\/uploads\/2021\/01\/MR61644-2-600x385.jpg 600w\" alt=\"\" width=\"2000\" height=\"1282\" \/><\/p>\n<p style=\"text-align: center;\"><code>\n        <section class=\"digitaali-nostobox-component-grid py-5\">\n\n                            <h2 class=\"text-uppercase text-center\">Wir empfehlen uns f\u00fcr den Urlaub<\/h2>\n            \n            <div class=\"dg-nostobox-select-grid\">\n\n                \n\t<div class=\"row dg-grid justify-content-center dg-big-card-grid\">\n\n\t\t            \n\t\t\t<div class=\"col-12 col-sm-12 col-md-6 col-lg-4 col-xl-4\">\n\n\t\t\t\t\n\n\n\t\t<div class=\"dg-nosto-box position-relative dg-default-nostobox hover-scale\">\n\n\t\t\t\t\t\t<a href=\"https:\/\/www.ruokkeenlomakyla.fi\/de\/unterkunft\/\">\n\t\t\t\n\n\t\t\t\t\t\t\t\t<h3 class=\"title mb-0\">Unterkunft<\/h3>\t\n\t\t\t\t\n\n\t\t\t\t\n\t\t\t\t\n\t\t\t\t\t\n \t\t\n \t\t<div class=\"embed-responsive embed-responsive-4by3 \">\n \t\t\t<div class=\"embed-responsive-item  post-thumbnail cover\" style=\"background-image: url('https:\/\/www.ruokkeenlomakyla.fi\/wp-content\/uploads\/2020\/12\/kuva-600x600.jpg')\"><\/div>\n \t\t<\/div>\n\n \t\t\n\n \t\n \t\n\t\t\t\t\n\t\t\t\t\n\n\n\t\t\t\t\t\t<\/a>\n\t\t\t\n\n\t\t<\/div><!-- \/.nosto-box -->\n\n\n\n\n\n\t\n\t\t\t<\/div><!--  \/.col -->\n\n\t\t            \n\t\t\t<div class=\"col-12 col-sm-12 col-md-6 col-lg-4 col-xl-4\">\n\n\t\t\t\t\n\n\n\t\t<div class=\"dg-nosto-box position-relative dg-default-nostobox hover-scale\">\n\n\t\t\t\t\t\t<a href=\"https:\/\/www.ruokkeenlomakyla.fi\/de\/aktivitaeten\/\">\n\t\t\t\n\n\t\t\t\t\t\t\t\t<h3 class=\"title mb-0\">Aktivit\u00e4ten<\/h3>\t\n\t\t\t\t\n\n\t\t\t\t\n\t\t\t\t\n\t\t\t\t\t\n \t\t\n \t\t<div class=\"embed-responsive embed-responsive-4by3 \">\n \t\t\t<div class=\"embed-responsive-item  post-thumbnail cover\" style=\"background-image: url('https:\/\/www.ruokkeenlomakyla.fi\/wp-content\/uploads\/2024\/05\/20240523_121519-600x600.jpg')\"><\/div>\n \t\t<\/div>\n\n \t\t\n\n \t\n \t\n\t\t\t\t\n\t\t\t\t\n\n\n\t\t\t\t\t\t<\/a>\n\t\t\t\n\n\t\t<\/div><!-- \/.nosto-box -->\n\n\n\n\n\n\t\n\t\t\t<\/div><!--  \/.col -->\n\n\t\t            \n\t\t\t<div class=\"col-12 col-sm-12 col-md-6 col-lg-4 col-xl-4\">\n\n\t\t\t\t\n\n\n\t\t<div class=\"dg-nosto-box position-relative dg-default-nostobox hover-scale\">\n\n\t\t\t\t\t\t<a href=\"https:\/\/www.ruokkeenlomakyla.fi\/de\/campingplatz\/\">\n\t\t\t\n\n\t\t\t\t\t\t\t\t<h3 class=\"title mb-0\">Campingplatz<\/h3>\t\n\t\t\t\t\n\n\t\t\t\t\n\t\t\t\t\n\t\t\t\t\t\n \t\t\n \t\t<div class=\"embed-responsive embed-responsive-4by3 \">\n \t\t\t<div class=\"embed-responsive-item  post-thumbnail cover\" style=\"background-image: url('https:\/\/www.ruokkeenlomakyla.fi\/wp-content\/uploads\/2021\/01\/Ruoke-2-600x600.jpg')\"><\/div>\n \t\t<\/div>\n\n \t\t\n\n \t\n \t\n\t\t\t\t\n\t\t\t\t\n\n\n\t\t\t\t\t\t<\/a>\n\t\t\t\n\n\t\t<\/div><!-- \/.nosto-box -->\n\n\n\n\n\n\t\n\t\t\t<\/div><!--  \/.col -->\n\n\t\t\n\t<\/div><!-- \/.row -->\n\n\t\n            <\/div><!-- \/.nostobox-select-grid -->\n\n        <\/section><!-- \/.digitaali-nostobox-component-grid --> \n    \n    <\/code><\/p>\n","protected":false},"excerpt":{"rendered":"<p>Restaurant Das Restaurant des Feriendorfes ist vom 1.5. &#8211; 31.8. t\u00e4glich und zu anderen Zeiten nach Vereinbarung ge\u00f6ffnet. Das Mittagessen kann t\u00e4glich von&#8230;<\/p>\n","protected":false},"author":2,"featured_media":19439,"parent":0,"menu_order":0,"comment_status":"closed","ping_status":"closed","template":"","meta":{"footnotes":""},"class_list":["post-1952","page","type-page","status-publish","has-post-thumbnail","hentry"],"yoast_head":"<!-- This site is optimized with the Yoast SEO plugin v27.4 - https:\/\/yoast.com\/product\/yoast-seo-wordpress\/ -->\n<title>Restaurant - Ruokkeen Lomakyl\u00e4<\/title>\n<meta name=\"robots\" content=\"index, follow, max-snippet:-1, max-image-preview:large, max-video-preview:-1\" \/>\n<link rel=\"canonical\" href=\"https:\/\/www.ruokkeenlomakyla.fi\/de\/restaurant\/\" \/>\n<meta property=\"og:locale\" content=\"de_DE\" \/>\n<meta property=\"og:type\" content=\"article\" \/>\n<meta property=\"og:title\" content=\"Restaurant - Ruokkeen Lomakyl\u00e4\" \/>\n<meta property=\"og:description\" content=\"Restaurant Das Restaurant des Feriendorfes ist vom 1.5. &#8211; 31.8. t\u00e4glich und zu anderen Zeiten nach Vereinbarung ge\u00f6ffnet. Das Mittagessen kann t\u00e4glich von...\" \/>\n<meta property=\"og:url\" content=\"https:\/\/www.ruokkeenlomakyla.fi\/de\/restaurant\/\" \/>\n<meta property=\"og:site_name\" content=\"Ruokkeen Lomakyl\u00e4\" \/>\n<meta property=\"article:publisher\" content=\"https:\/\/www.facebook.com\/ruokkee\" \/>\n<meta property=\"article:modified_time\" content=\"2023-02-23T13:20:22+00:00\" \/>\n<meta property=\"og:image\" content=\"https:\/\/www.ruokkeenlomakyla.fi\/wp-content\/uploads\/2021\/11\/20161125_190215_resized-1.jpg\" \/>\n\t<meta property=\"og:image:width\" content=\"1632\" \/>\n\t<meta property=\"og:image:height\" content=\"918\" \/>\n\t<meta property=\"og:image:type\" content=\"image\/jpeg\" \/>\n<meta name=\"twitter:card\" content=\"summary_large_image\" \/>\n<meta name=\"twitter:label1\" content=\"Gesch\u00e4tzte Lesezeit\" \/>\n\t<meta name=\"twitter:data1\" content=\"2\u00a0Minuten\" \/>\n<script type=\"application\/ld+json\" class=\"yoast-schema-graph\">{\"@context\":\"https:\\\/\\\/schema.org\",\"@graph\":[{\"@type\":\"WebPage\",\"@id\":\"https:\\\/\\\/www.ruokkeenlomakyla.fi\\\/de\\\/restaurant\\\/\",\"url\":\"https:\\\/\\\/www.ruokkeenlomakyla.fi\\\/de\\\/restaurant\\\/\",\"name\":\"Restaurant - Ruokkeen Lomakyl\u00e4\",\"isPartOf\":{\"@id\":\"https:\\\/\\\/www.ruokkeenlomakyla.fi\\\/de\\\/#website\"},\"primaryImageOfPage\":{\"@id\":\"https:\\\/\\\/www.ruokkeenlomakyla.fi\\\/de\\\/restaurant\\\/#primaryimage\"},\"image\":{\"@id\":\"https:\\\/\\\/www.ruokkeenlomakyla.fi\\\/de\\\/restaurant\\\/#primaryimage\"},\"thumbnailUrl\":\"https:\\\/\\\/www.ruokkeenlomakyla.fi\\\/wp-content\\\/uploads\\\/2024\\\/03\\\/image_67215617-scaled-e1711882474191.jpg\",\"datePublished\":\"2021-04-19T09:55:22+00:00\",\"dateModified\":\"2023-02-23T13:20:22+00:00\",\"breadcrumb\":{\"@id\":\"https:\\\/\\\/www.ruokkeenlomakyla.fi\\\/de\\\/restaurant\\\/#breadcrumb\"},\"inLanguage\":\"de\",\"potentialAction\":[{\"@type\":\"ReadAction\",\"target\":[\"https:\\\/\\\/www.ruokkeenlomakyla.fi\\\/de\\\/restaurant\\\/\"]}]},{\"@type\":\"ImageObject\",\"inLanguage\":\"de\",\"@id\":\"https:\\\/\\\/www.ruokkeenlomakyla.fi\\\/de\\\/restaurant\\\/#primaryimage\",\"url\":\"https:\\\/\\\/www.ruokkeenlomakyla.fi\\\/wp-content\\\/uploads\\\/2024\\\/03\\\/image_67215617-scaled-e1711882474191.jpg\",\"contentUrl\":\"https:\\\/\\\/www.ruokkeenlomakyla.fi\\\/wp-content\\\/uploads\\\/2024\\\/03\\\/image_67215617-scaled-e1711882474191.jpg\",\"width\":1920,\"height\":2560},{\"@type\":\"BreadcrumbList\",\"@id\":\"https:\\\/\\\/www.ruokkeenlomakyla.fi\\\/de\\\/restaurant\\\/#breadcrumb\",\"itemListElement\":[{\"@type\":\"ListItem\",\"position\":1,\"name\":\"Startseite\",\"item\":\"https:\\\/\\\/www.ruokkeenlomakyla.fi\\\/de\\\/\"},{\"@type\":\"ListItem\",\"position\":2,\"name\":\"Restaurant\"}]},{\"@type\":\"WebSite\",\"@id\":\"https:\\\/\\\/www.ruokkeenlomakyla.fi\\\/de\\\/#website\",\"url\":\"https:\\\/\\\/www.ruokkeenlomakyla.fi\\\/de\\\/\",\"name\":\"Ruokkeen Lomakyl\u00e4\",\"description\":\"\",\"publisher\":{\"@id\":\"https:\\\/\\\/www.ruokkeenlomakyla.fi\\\/de\\\/#organization\"},\"potentialAction\":[{\"@type\":\"SearchAction\",\"target\":{\"@type\":\"EntryPoint\",\"urlTemplate\":\"https:\\\/\\\/www.ruokkeenlomakyla.fi\\\/de\\\/?s={search_term_string}\"},\"query-input\":{\"@type\":\"PropertyValueSpecification\",\"valueRequired\":true,\"valueName\":\"search_term_string\"}}],\"inLanguage\":\"de\"},{\"@type\":\"Organization\",\"@id\":\"https:\\\/\\\/www.ruokkeenlomakyla.fi\\\/de\\\/#organization\",\"name\":\"Ruokkeen Lomakyl\u00e4\",\"url\":\"https:\\\/\\\/www.ruokkeenlomakyla.fi\\\/de\\\/\",\"logo\":{\"@type\":\"ImageObject\",\"inLanguage\":\"de\",\"@id\":\"https:\\\/\\\/www.ruokkeenlomakyla.fi\\\/de\\\/#\\\/schema\\\/logo\\\/image\\\/\",\"url\":\"https:\\\/\\\/www.ruokkeenlomakyla.fi\\\/wp-content\\\/uploads\\\/2021\\\/04\\\/logo.jpg\",\"contentUrl\":\"https:\\\/\\\/www.ruokkeenlomakyla.fi\\\/wp-content\\\/uploads\\\/2021\\\/04\\\/logo.jpg\",\"width\":768,\"height\":133,\"caption\":\"Ruokkeen Lomakyl\u00e4\"},\"image\":{\"@id\":\"https:\\\/\\\/www.ruokkeenlomakyla.fi\\\/de\\\/#\\\/schema\\\/logo\\\/image\\\/\"},\"sameAs\":[\"https:\\\/\\\/www.facebook.com\\\/ruokkee\",\"https:\\\/\\\/www.instagram.com\\\/ruokkee\\\/\"]}]}<\/script>\n<!-- \/ Yoast SEO plugin. -->","yoast_head_json":{"title":"Restaurant - Ruokkeen Lomakyl\u00e4","robots":{"index":"index","follow":"follow","max-snippet":"max-snippet:-1","max-image-preview":"max-image-preview:large","max-video-preview":"max-video-preview:-1"},"canonical":"https:\/\/www.ruokkeenlomakyla.fi\/de\/restaurant\/","og_locale":"de_DE","og_type":"article","og_title":"Restaurant - Ruokkeen Lomakyl\u00e4","og_description":"Restaurant Das Restaurant des Feriendorfes ist vom 1.5. &#8211; 31.8. t\u00e4glich und zu anderen Zeiten nach Vereinbarung ge\u00f6ffnet. Das Mittagessen kann t\u00e4glich von...","og_url":"https:\/\/www.ruokkeenlomakyla.fi\/de\/restaurant\/","og_site_name":"Ruokkeen Lomakyl\u00e4","article_publisher":"https:\/\/www.facebook.com\/ruokkee","article_modified_time":"2023-02-23T13:20:22+00:00","og_image":[{"width":1632,"height":918,"url":"https:\/\/www.ruokkeenlomakyla.fi\/wp-content\/uploads\/2021\/11\/20161125_190215_resized-1.jpg","type":"image\/jpeg"}],"twitter_card":"summary_large_image","twitter_misc":{"Gesch\u00e4tzte Lesezeit":"2\u00a0Minuten"},"schema":{"@context":"https:\/\/schema.org","@graph":[{"@type":"WebPage","@id":"https:\/\/www.ruokkeenlomakyla.fi\/de\/restaurant\/","url":"https:\/\/www.ruokkeenlomakyla.fi\/de\/restaurant\/","name":"Restaurant - Ruokkeen Lomakyl\u00e4","isPartOf":{"@id":"https:\/\/www.ruokkeenlomakyla.fi\/de\/#website"},"primaryImageOfPage":{"@id":"https:\/\/www.ruokkeenlomakyla.fi\/de\/restaurant\/#primaryimage"},"image":{"@id":"https:\/\/www.ruokkeenlomakyla.fi\/de\/restaurant\/#primaryimage"},"thumbnailUrl":"https:\/\/www.ruokkeenlomakyla.fi\/wp-content\/uploads\/2024\/03\/image_67215617-scaled-e1711882474191.jpg","datePublished":"2021-04-19T09:55:22+00:00","dateModified":"2023-02-23T13:20:22+00:00","breadcrumb":{"@id":"https:\/\/www.ruokkeenlomakyla.fi\/de\/restaurant\/#breadcrumb"},"inLanguage":"de","potentialAction":[{"@type":"ReadAction","target":["https:\/\/www.ruokkeenlomakyla.fi\/de\/restaurant\/"]}]},{"@type":"ImageObject","inLanguage":"de","@id":"https:\/\/www.ruokkeenlomakyla.fi\/de\/restaurant\/#primaryimage","url":"https:\/\/www.ruokkeenlomakyla.fi\/wp-content\/uploads\/2024\/03\/image_67215617-scaled-e1711882474191.jpg","contentUrl":"https:\/\/www.ruokkeenlomakyla.fi\/wp-content\/uploads\/2024\/03\/image_67215617-scaled-e1711882474191.jpg","width":1920,"height":2560},{"@type":"BreadcrumbList","@id":"https:\/\/www.ruokkeenlomakyla.fi\/de\/restaurant\/#breadcrumb","itemListElement":[{"@type":"ListItem","position":1,"name":"Startseite","item":"https:\/\/www.ruokkeenlomakyla.fi\/de\/"},{"@type":"ListItem","position":2,"name":"Restaurant"}]},{"@type":"WebSite","@id":"https:\/\/www.ruokkeenlomakyla.fi\/de\/#website","url":"https:\/\/www.ruokkeenlomakyla.fi\/de\/","name":"Ruokkeen Lomakyl\u00e4","description":"","publisher":{"@id":"https:\/\/www.ruokkeenlomakyla.fi\/de\/#organization"},"potentialAction":[{"@type":"SearchAction","target":{"@type":"EntryPoint","urlTemplate":"https:\/\/www.ruokkeenlomakyla.fi\/de\/?s={search_term_string}"},"query-input":{"@type":"PropertyValueSpecification","valueRequired":true,"valueName":"search_term_string"}}],"inLanguage":"de"},{"@type":"Organization","@id":"https:\/\/www.ruokkeenlomakyla.fi\/de\/#organization","name":"Ruokkeen Lomakyl\u00e4","url":"https:\/\/www.ruokkeenlomakyla.fi\/de\/","logo":{"@type":"ImageObject","inLanguage":"de","@id":"https:\/\/www.ruokkeenlomakyla.fi\/de\/#\/schema\/logo\/image\/","url":"https:\/\/www.ruokkeenlomakyla.fi\/wp-content\/uploads\/2021\/04\/logo.jpg","contentUrl":"https:\/\/www.ruokkeenlomakyla.fi\/wp-content\/uploads\/2021\/04\/logo.jpg","width":768,"height":133,"caption":"Ruokkeen Lomakyl\u00e4"},"image":{"@id":"https:\/\/www.ruokkeenlomakyla.fi\/de\/#\/schema\/logo\/image\/"},"sameAs":["https:\/\/www.facebook.com\/ruokkee","https:\/\/www.instagram.com\/ruokkee\/"]}]}},"_links":{"self":[{"href":"https:\/\/www.ruokkeenlomakyla.fi\/de\/wp-json\/wp\/v2\/pages\/1952","targetHints":{"allow":["GET"]}}],"collection":[{"href":"https:\/\/www.ruokkeenlomakyla.fi\/de\/wp-json\/wp\/v2\/pages"}],"about":[{"href":"https:\/\/www.ruokkeenlomakyla.fi\/de\/wp-json\/wp\/v2\/types\/page"}],"author":[{"embeddable":true,"href":"https:\/\/www.ruokkeenlomakyla.fi\/de\/wp-json\/wp\/v2\/users\/2"}],"replies":[{"embeddable":true,"href":"https:\/\/www.ruokkeenlomakyla.fi\/de\/wp-json\/wp\/v2\/comments?post=1952"}],"version-history":[{"count":9,"href":"https:\/\/www.ruokkeenlomakyla.fi\/de\/wp-json\/wp\/v2\/pages\/1952\/revisions"}],"predecessor-version":[{"id":12440,"href":"https:\/\/www.ruokkeenlomakyla.fi\/de\/wp-json\/wp\/v2\/pages\/1952\/revisions\/12440"}],"wp:featuredmedia":[{"embeddable":true,"href":"https:\/\/www.ruokkeenlomakyla.fi\/de\/wp-json\/wp\/v2\/media\/19439"}],"wp:attachment":[{"href":"https:\/\/www.ruokkeenlomakyla.fi\/de\/wp-json\/wp\/v2\/media?parent=1952"}],"curies":[{"name":"wp","href":"https:\/\/api.w.org\/{rel}","templated":true}]}}