{"id":1946,"date":"2021-04-19T12:50:27","date_gmt":"2021-04-19T09:50:27","guid":{"rendered":"https:\/\/www.ruokkeenlomakyla.fi\/?page_id=1946"},"modified":"2026-01-24T18:49:26","modified_gmt":"2026-01-24T16:49:26","slug":"campingplatz","status":"publish","type":"page","link":"https:\/\/www.ruokkeenlomakyla.fi\/de\/campingplatz\/","title":{"rendered":"Campingplatz"},"content":{"rendered":"<h2 style=\"text-align: center;\">Campingplatz<\/h2>\n<p class=\"lead\" style=\"text-align: center;\">Der Campingplatz des Ruoke Feriendorfs verf\u00fcgt \u00fcber insgesamt 85 Stellpl\u00e4tze f\u00fcr Wohnwagen, von denen etwa die H\u00e4lfte von Dauercampern genutzt wird.<\/p>\n<p style=\"text-align: center;\">Die Servicegeb\u00e4ude in der Umgebung und ihre Dienstleistungen stehen den G\u00e4sten zur Verf\u00fcgung. Dort befinden sich Duschen \/ WC-R\u00e4umlichkeiten, K\u00fcche und Esszimmer, Waschmaschine und Trockner, sowie die M\u00f6glichkeit zur Entsorgung der Chemitoilette. Die gro\u00dfe Grillh\u00fctte am Strand bietet mit 3 Grillstellen Platz f\u00fcr eine gr\u00f6\u00dfere Gruppe am Abend.<\/p>\n<p style=\"text-align: center;\">Zu unseren Dienstleistungen geh\u00f6rt auch der Verkauf von Fl\u00fcssiggas und Grundnahrungsmitteln sowie eine Bibliothek. Der Campingplatz verf\u00fcgt \u00fcber kostenloses WLAN f\u00fcr G\u00e4ste. Direkt am Strand k\u00f6nnen drei Familiensaunen gemietet werden, davon ist 1 elektrisch, die beiden anderen werden mit einem Holzofen beheizt. Es gibt aber zudem die M\u00f6glichkeit, eine Rauchsauna zu mieten (im Winter wird, als besonderer Service, vor der Rauchsauna ein Eisloch zum Tauchen frei gehalten)<\/p>\n<p style=\"text-align: center;\">Direkt neben dem Hauptgeb\u00e4ude befinden sich zwei Ladestationen f\u00fcr E-Autos.<\/p>\n<h3 style=\"text-align: center;\">G\u00e4stehafen<\/h3>\n<p style=\"text-align: center;\">Die Strom- und Wasserstelle sowie alle anderen Dienstleistungen des Feriendorfes stehen Bootsfahrern zur Verf\u00fcgung. Es besteht auch die M\u00f6glichkeit, den Toilettentank zu leeren. <strong>Die \u00dcbernachtung im Hafen kostet 8 \u20ac \/ Tag,<\/strong> bei Bedarf Strom 5,00 \u20ac \/ Tag.<\/p>\n<p><img loading=\"lazy\" decoding=\"async\" class=\"img-fluid wp-image-39 size-full alignnone\" src=\"https:\/\/www.ruokkeenlomakyla.fi\/wp-content\/uploads\/2020\/12\/loma.jpg\" alt=\"\" width=\"1279\" height=\"697\" \/><\/p>\n<h3 style=\"text-align: center;\">PREISE<\/h3>\n<h4 style=\"text-align: center;\">12.6 &#8211; 16.8.2026 \/ 23.12 &#8211; 10.01<\/h4>\n<p style=\"text-align: center;\">Grundpreis* = 23 \u20ac\/Tag<br \/>\nPersonen (Erwachsene) = 5 \u20ac \/Tag<br \/>\nPersonen (unter 15 J.) = 2 \u20ac\/Tag<br \/>\nWochenpreis = 125 \u20ac + Anzahl der Personen<br \/>\nWochenpreis mit SFC\/CKE -Card = 110 \u20ac + Anzahl der Personen<\/p>\n<h4 style=\"text-align: center;\">Andere Zeiten<\/h4>\n<p style=\"text-align: center;\">Grundpreis* = 21 \u20ac\/Tag<br \/>\nPersonen (Erwachsene) = 5 \u20ac\/Tag<br \/>\nPersonen (unter 15 J.) = 2 \u20ac\/Tag<br \/>\nWochenpreis = 110 \u20ac + Anzahl der Personen<br \/>\nWochenpreis mit \u00a0SFC\/CKE -Card = 100 \u20ac + Anzahl der Personen<\/p>\n<ul style=\"text-align: center;\">\n<li><strong>Mit SFC- und Camping Key Europe-Card Rabatt auf den Grundpreis 2\u20ac\/Tag.<\/strong><\/li>\n<\/ul>\n<h4 style=\"text-align: center;\">Strom<\/h4>\n<ul style=\"text-align: center;\">\n<li>5,00 \u20ac + 0,30 \u20ac\/Kwh (3 Tage oder l\u00e4nger) oder 5,00 \u20ac\/Tag<\/li>\n<li>Wintersaison 1.1. \u2013 31.3. = 5,00 \u20ac + 0,30 \u20ac\/Kwh (3 Tage oder l\u00e4nger) oder 8,00 \u20ac\/Tag<\/li>\n<li>Strom am Hafen 5,00 \u20ac\/Tag<\/li>\n<\/ul>\n<h4 style=\"text-align: center;\">Paketpreis f\u00fcr Mittsommer (keine Zeltpl\u00e4tze)<\/h4>\n<ul>\n<li style=\"text-align: center;\">3 Tage (Do \u2013 So) 135 \u20ac + 5 \u20ac\/Erw. und 2 \u20ac\/unter 15 J.<\/li>\n<li style=\"text-align: center;\">2 Tage (Fr \u2013 So) 110 \u20ac + 5 \u20ac\/Erw. und 2 \u20ac\/unter 15 J.<\/li>\n<li style=\"text-align: center;\">Strom inkl. Paketpreis, zu Mittsommerzeit bieten wir keine Zeltpl\u00e4tze an.<\/li>\n<\/ul>\n<p>&nbsp;<\/p>\n<p style=\"text-align: center;\"><code>\n        <section class=\"digitaali-nostobox-component-grid py-5\">\n\n                            <h2 class=\"text-uppercase text-center\">Wir empfehlen uns f\u00fcr den Urlaub<\/h2>\n            \n            <div class=\"dg-nostobox-select-grid\">\n\n                \n\t<div class=\"row dg-grid justify-content-center dg-big-card-grid\">\n\n\t\t            \n\t\t\t<div class=\"col-12 col-sm-12 col-md-6 col-lg-4 col-xl-4\">\n\n\t\t\t\t\n\n\n\t\t<div class=\"dg-nosto-box position-relative dg-default-nostobox hover-scale\">\n\n\t\t\t\t\t\t<a href=\"https:\/\/www.ruokkeenlomakyla.fi\/de\/aktivitaeten\/\">\n\t\t\t\n\n\t\t\t\t\t\t\t\t<h3 class=\"title mb-0\">Aktivit\u00e4ten<\/h3>\t\n\t\t\t\t\n\n\t\t\t\t\n\t\t\t\t\n\t\t\t\t\t\n \t\t\n \t\t<div class=\"embed-responsive embed-responsive-4by3 \">\n \t\t\t<div class=\"embed-responsive-item  post-thumbnail cover\" style=\"background-image: url('https:\/\/www.ruokkeenlomakyla.fi\/wp-content\/uploads\/2024\/05\/20240523_121519-600x600.jpg')\"><\/div>\n \t\t<\/div>\n\n \t\t\n\n \t\n \t\n\t\t\t\t\n\t\t\t\t\n\n\n\t\t\t\t\t\t<\/a>\n\t\t\t\n\n\t\t<\/div><!-- \/.nosto-box -->\n\n\n\n\n\n\t\n\t\t\t<\/div><!--  \/.col -->\n\n\t\t            \n\t\t\t<div class=\"col-12 col-sm-12 col-md-6 col-lg-4 col-xl-4\">\n\n\t\t\t\t\n\n\n\t\t<div class=\"dg-nosto-box position-relative dg-default-nostobox hover-scale\">\n\n\t\t\t\t\t\t<a href=\"https:\/\/www.ruokkeenlomakyla.fi\/de\/wir-empfehlen\/fuer-camper\/\">\n\t\t\t\n\n\t\t\t\t\t\t\t\t<h3 class=\"title mb-0\">F\u00fcr Camper<\/h3>\t\n\t\t\t\t\n\n\t\t\t\t\n\t\t\t\t\n\t\t\t\t\t\n \t\t\n \t\t<div class=\"embed-responsive embed-responsive-4by3 \">\n \t\t\t<div class=\"embed-responsive-item  post-thumbnail cover\" style=\"background-image: url('https:\/\/www.ruokkeenlomakyla.fi\/wp-content\/uploads\/2024\/09\/IMG_2195-600x600.jpeg')\"><\/div>\n \t\t<\/div>\n\n \t\t\n\n \t\n \t\n\t\t\t\t\n\t\t\t\t\n\n\n\t\t\t\t\t\t<\/a>\n\t\t\t\n\n\t\t<\/div><!-- \/.nosto-box -->\n\n\n\n\n\n\t\n\t\t\t<\/div><!--  \/.col -->\n\n\t\t            \n\t\t\t<div class=\"col-12 col-sm-12 col-md-6 col-lg-4 col-xl-4\">\n\n\t\t\t\t\n\n\n\t\t<div class=\"dg-nosto-box position-relative dg-default-nostobox hover-scale\">\n\n\t\t\t\t\t\t<a href=\"https:\/\/www.ruokkeenlomakyla.fi\/de\/restaurant\/\">\n\t\t\t\n\n\t\t\t\t\t\t\t\t<h3 class=\"title mb-0\">Restaurant<\/h3>\t\n\t\t\t\t\n\n\t\t\t\t\n\t\t\t\t\n\t\t\t\t\t\n \t\t\n \t\t<div class=\"embed-responsive embed-responsive-4by3 \">\n \t\t\t<div class=\"embed-responsive-item  post-thumbnail cover\" style=\"background-image: url('https:\/\/www.ruokkeenlomakyla.fi\/wp-content\/uploads\/2024\/03\/image_67215617-600x600.jpg')\"><\/div>\n \t\t<\/div>\n\n \t\t\n\n \t\n \t\n\t\t\t\t\n\t\t\t\t\n\n\n\t\t\t\t\t\t<\/a>\n\t\t\t\n\n\t\t<\/div><!-- \/.nosto-box -->\n\n\n\n\n\n\t\n\t\t\t<\/div><!--  \/.col -->\n\n\t\t\n\t<\/div><!-- \/.row -->\n\n\t\n            <\/div><!-- \/.nostobox-select-grid -->\n\n        <\/section><!-- \/.digitaali-nostobox-component-grid --> \n    \n    <\/code><\/p>\n","protected":false},"excerpt":{"rendered":"<p>Campingplatz Der Campingplatz des Ruoke Feriendorfs verf\u00fcgt \u00fcber insgesamt 85 Stellpl\u00e4tze f\u00fcr Wohnwagen, von denen etwa die H\u00e4lfte von Dauercampern genutzt wird. Die&#8230;<\/p>\n","protected":false},"author":2,"featured_media":287,"parent":0,"menu_order":0,"comment_status":"closed","ping_status":"closed","template":"","meta":{"footnotes":""},"class_list":["post-1946","page","type-page","status-publish","has-post-thumbnail","hentry"],"yoast_head":"<!-- This site is optimized with the Yoast SEO plugin v27.4 - https:\/\/yoast.com\/product\/yoast-seo-wordpress\/ -->\n<title>Campingplatz - Ruokkeen Lomakyl\u00e4<\/title>\n<meta name=\"robots\" content=\"index, follow, max-snippet:-1, max-image-preview:large, max-video-preview:-1\" \/>\n<link rel=\"canonical\" href=\"https:\/\/www.ruokkeenlomakyla.fi\/de\/campingplatz\/\" \/>\n<meta property=\"og:locale\" content=\"de_DE\" \/>\n<meta property=\"og:type\" content=\"article\" \/>\n<meta property=\"og:title\" content=\"Campingplatz - Ruokkeen Lomakyl\u00e4\" \/>\n<meta property=\"og:description\" content=\"Campingplatz Der Campingplatz des Ruoke Feriendorfs verf\u00fcgt \u00fcber insgesamt 85 Stellpl\u00e4tze f\u00fcr Wohnwagen, von denen etwa die H\u00e4lfte von Dauercampern genutzt wird. Die...\" \/>\n<meta property=\"og:url\" content=\"https:\/\/www.ruokkeenlomakyla.fi\/de\/campingplatz\/\" \/>\n<meta property=\"og:site_name\" content=\"Ruokkeen Lomakyl\u00e4\" \/>\n<meta property=\"article:publisher\" content=\"https:\/\/www.facebook.com\/ruokkee\" \/>\n<meta property=\"article:modified_time\" content=\"2026-01-24T16:49:26+00:00\" \/>\n<meta property=\"og:image\" content=\"https:\/\/www.ruokkeenlomakyla.fi\/wp-content\/uploads\/2021\/01\/Ruoke-2-1024x684.jpg\" \/>\n\t<meta property=\"og:image:width\" content=\"1024\" \/>\n\t<meta property=\"og:image:height\" content=\"684\" \/>\n\t<meta property=\"og:image:type\" content=\"image\/jpeg\" \/>\n<meta name=\"twitter:card\" content=\"summary_large_image\" \/>\n<meta name=\"twitter:label1\" content=\"Gesch\u00e4tzte Lesezeit\" \/>\n\t<meta name=\"twitter:data1\" content=\"3\u00a0Minuten\" \/>\n<script type=\"application\/ld+json\" class=\"yoast-schema-graph\">{\"@context\":\"https:\\\/\\\/schema.org\",\"@graph\":[{\"@type\":\"WebPage\",\"@id\":\"https:\\\/\\\/www.ruokkeenlomakyla.fi\\\/de\\\/campingplatz\\\/\",\"url\":\"https:\\\/\\\/www.ruokkeenlomakyla.fi\\\/de\\\/campingplatz\\\/\",\"name\":\"Campingplatz - Ruokkeen Lomakyl\u00e4\",\"isPartOf\":{\"@id\":\"https:\\\/\\\/www.ruokkeenlomakyla.fi\\\/de\\\/#website\"},\"primaryImageOfPage\":{\"@id\":\"https:\\\/\\\/www.ruokkeenlomakyla.fi\\\/de\\\/campingplatz\\\/#primaryimage\"},\"image\":{\"@id\":\"https:\\\/\\\/www.ruokkeenlomakyla.fi\\\/de\\\/campingplatz\\\/#primaryimage\"},\"thumbnailUrl\":\"https:\\\/\\\/www.ruokkeenlomakyla.fi\\\/wp-content\\\/uploads\\\/2021\\\/01\\\/Ruoke-2.jpg\",\"datePublished\":\"2021-04-19T09:50:27+00:00\",\"dateModified\":\"2026-01-24T16:49:26+00:00\",\"breadcrumb\":{\"@id\":\"https:\\\/\\\/www.ruokkeenlomakyla.fi\\\/de\\\/campingplatz\\\/#breadcrumb\"},\"inLanguage\":\"de\",\"potentialAction\":[{\"@type\":\"ReadAction\",\"target\":[\"https:\\\/\\\/www.ruokkeenlomakyla.fi\\\/de\\\/campingplatz\\\/\"]}]},{\"@type\":\"ImageObject\",\"inLanguage\":\"de\",\"@id\":\"https:\\\/\\\/www.ruokkeenlomakyla.fi\\\/de\\\/campingplatz\\\/#primaryimage\",\"url\":\"https:\\\/\\\/www.ruokkeenlomakyla.fi\\\/wp-content\\\/uploads\\\/2021\\\/01\\\/Ruoke-2.jpg\",\"contentUrl\":\"https:\\\/\\\/www.ruokkeenlomakyla.fi\\\/wp-content\\\/uploads\\\/2021\\\/01\\\/Ruoke-2.jpg\",\"width\":2560,\"height\":1709},{\"@type\":\"BreadcrumbList\",\"@id\":\"https:\\\/\\\/www.ruokkeenlomakyla.fi\\\/de\\\/campingplatz\\\/#breadcrumb\",\"itemListElement\":[{\"@type\":\"ListItem\",\"position\":1,\"name\":\"Startseite\",\"item\":\"https:\\\/\\\/www.ruokkeenlomakyla.fi\\\/de\\\/\"},{\"@type\":\"ListItem\",\"position\":2,\"name\":\"Campingplatz\"}]},{\"@type\":\"WebSite\",\"@id\":\"https:\\\/\\\/www.ruokkeenlomakyla.fi\\\/de\\\/#website\",\"url\":\"https:\\\/\\\/www.ruokkeenlomakyla.fi\\\/de\\\/\",\"name\":\"Ruokkeen Lomakyl\u00e4\",\"description\":\"\",\"publisher\":{\"@id\":\"https:\\\/\\\/www.ruokkeenlomakyla.fi\\\/de\\\/#organization\"},\"potentialAction\":[{\"@type\":\"SearchAction\",\"target\":{\"@type\":\"EntryPoint\",\"urlTemplate\":\"https:\\\/\\\/www.ruokkeenlomakyla.fi\\\/de\\\/?s={search_term_string}\"},\"query-input\":{\"@type\":\"PropertyValueSpecification\",\"valueRequired\":true,\"valueName\":\"search_term_string\"}}],\"inLanguage\":\"de\"},{\"@type\":\"Organization\",\"@id\":\"https:\\\/\\\/www.ruokkeenlomakyla.fi\\\/de\\\/#organization\",\"name\":\"Ruokkeen Lomakyl\u00e4\",\"url\":\"https:\\\/\\\/www.ruokkeenlomakyla.fi\\\/de\\\/\",\"logo\":{\"@type\":\"ImageObject\",\"inLanguage\":\"de\",\"@id\":\"https:\\\/\\\/www.ruokkeenlomakyla.fi\\\/de\\\/#\\\/schema\\\/logo\\\/image\\\/\",\"url\":\"https:\\\/\\\/www.ruokkeenlomakyla.fi\\\/wp-content\\\/uploads\\\/2021\\\/04\\\/logo.jpg\",\"contentUrl\":\"https:\\\/\\\/www.ruokkeenlomakyla.fi\\\/wp-content\\\/uploads\\\/2021\\\/04\\\/logo.jpg\",\"width\":768,\"height\":133,\"caption\":\"Ruokkeen Lomakyl\u00e4\"},\"image\":{\"@id\":\"https:\\\/\\\/www.ruokkeenlomakyla.fi\\\/de\\\/#\\\/schema\\\/logo\\\/image\\\/\"},\"sameAs\":[\"https:\\\/\\\/www.facebook.com\\\/ruokkee\",\"https:\\\/\\\/www.instagram.com\\\/ruokkee\\\/\"]}]}<\/script>\n<!-- \/ Yoast SEO plugin. -->","yoast_head_json":{"title":"Campingplatz - Ruokkeen Lomakyl\u00e4","robots":{"index":"index","follow":"follow","max-snippet":"max-snippet:-1","max-image-preview":"max-image-preview:large","max-video-preview":"max-video-preview:-1"},"canonical":"https:\/\/www.ruokkeenlomakyla.fi\/de\/campingplatz\/","og_locale":"de_DE","og_type":"article","og_title":"Campingplatz - Ruokkeen Lomakyl\u00e4","og_description":"Campingplatz Der Campingplatz des Ruoke Feriendorfs verf\u00fcgt \u00fcber insgesamt 85 Stellpl\u00e4tze f\u00fcr Wohnwagen, von denen etwa die H\u00e4lfte von Dauercampern genutzt wird. Die...","og_url":"https:\/\/www.ruokkeenlomakyla.fi\/de\/campingplatz\/","og_site_name":"Ruokkeen Lomakyl\u00e4","article_publisher":"https:\/\/www.facebook.com\/ruokkee","article_modified_time":"2026-01-24T16:49:26+00:00","og_image":[{"width":1024,"height":684,"url":"https:\/\/www.ruokkeenlomakyla.fi\/wp-content\/uploads\/2021\/01\/Ruoke-2-1024x684.jpg","type":"image\/jpeg"}],"twitter_card":"summary_large_image","twitter_misc":{"Gesch\u00e4tzte Lesezeit":"3\u00a0Minuten"},"schema":{"@context":"https:\/\/schema.org","@graph":[{"@type":"WebPage","@id":"https:\/\/www.ruokkeenlomakyla.fi\/de\/campingplatz\/","url":"https:\/\/www.ruokkeenlomakyla.fi\/de\/campingplatz\/","name":"Campingplatz - Ruokkeen Lomakyl\u00e4","isPartOf":{"@id":"https:\/\/www.ruokkeenlomakyla.fi\/de\/#website"},"primaryImageOfPage":{"@id":"https:\/\/www.ruokkeenlomakyla.fi\/de\/campingplatz\/#primaryimage"},"image":{"@id":"https:\/\/www.ruokkeenlomakyla.fi\/de\/campingplatz\/#primaryimage"},"thumbnailUrl":"https:\/\/www.ruokkeenlomakyla.fi\/wp-content\/uploads\/2021\/01\/Ruoke-2.jpg","datePublished":"2021-04-19T09:50:27+00:00","dateModified":"2026-01-24T16:49:26+00:00","breadcrumb":{"@id":"https:\/\/www.ruokkeenlomakyla.fi\/de\/campingplatz\/#breadcrumb"},"inLanguage":"de","potentialAction":[{"@type":"ReadAction","target":["https:\/\/www.ruokkeenlomakyla.fi\/de\/campingplatz\/"]}]},{"@type":"ImageObject","inLanguage":"de","@id":"https:\/\/www.ruokkeenlomakyla.fi\/de\/campingplatz\/#primaryimage","url":"https:\/\/www.ruokkeenlomakyla.fi\/wp-content\/uploads\/2021\/01\/Ruoke-2.jpg","contentUrl":"https:\/\/www.ruokkeenlomakyla.fi\/wp-content\/uploads\/2021\/01\/Ruoke-2.jpg","width":2560,"height":1709},{"@type":"BreadcrumbList","@id":"https:\/\/www.ruokkeenlomakyla.fi\/de\/campingplatz\/#breadcrumb","itemListElement":[{"@type":"ListItem","position":1,"name":"Startseite","item":"https:\/\/www.ruokkeenlomakyla.fi\/de\/"},{"@type":"ListItem","position":2,"name":"Campingplatz"}]},{"@type":"WebSite","@id":"https:\/\/www.ruokkeenlomakyla.fi\/de\/#website","url":"https:\/\/www.ruokkeenlomakyla.fi\/de\/","name":"Ruokkeen Lomakyl\u00e4","description":"","publisher":{"@id":"https:\/\/www.ruokkeenlomakyla.fi\/de\/#organization"},"potentialAction":[{"@type":"SearchAction","target":{"@type":"EntryPoint","urlTemplate":"https:\/\/www.ruokkeenlomakyla.fi\/de\/?s={search_term_string}"},"query-input":{"@type":"PropertyValueSpecification","valueRequired":true,"valueName":"search_term_string"}}],"inLanguage":"de"},{"@type":"Organization","@id":"https:\/\/www.ruokkeenlomakyla.fi\/de\/#organization","name":"Ruokkeen Lomakyl\u00e4","url":"https:\/\/www.ruokkeenlomakyla.fi\/de\/","logo":{"@type":"ImageObject","inLanguage":"de","@id":"https:\/\/www.ruokkeenlomakyla.fi\/de\/#\/schema\/logo\/image\/","url":"https:\/\/www.ruokkeenlomakyla.fi\/wp-content\/uploads\/2021\/04\/logo.jpg","contentUrl":"https:\/\/www.ruokkeenlomakyla.fi\/wp-content\/uploads\/2021\/04\/logo.jpg","width":768,"height":133,"caption":"Ruokkeen Lomakyl\u00e4"},"image":{"@id":"https:\/\/www.ruokkeenlomakyla.fi\/de\/#\/schema\/logo\/image\/"},"sameAs":["https:\/\/www.facebook.com\/ruokkee","https:\/\/www.instagram.com\/ruokkee\/"]}]}},"_links":{"self":[{"href":"https:\/\/www.ruokkeenlomakyla.fi\/de\/wp-json\/wp\/v2\/pages\/1946","targetHints":{"allow":["GET"]}}],"collection":[{"href":"https:\/\/www.ruokkeenlomakyla.fi\/de\/wp-json\/wp\/v2\/pages"}],"about":[{"href":"https:\/\/www.ruokkeenlomakyla.fi\/de\/wp-json\/wp\/v2\/types\/page"}],"author":[{"embeddable":true,"href":"https:\/\/www.ruokkeenlomakyla.fi\/de\/wp-json\/wp\/v2\/users\/2"}],"replies":[{"embeddable":true,"href":"https:\/\/www.ruokkeenlomakyla.fi\/de\/wp-json\/wp\/v2\/comments?post=1946"}],"version-history":[{"count":14,"href":"https:\/\/www.ruokkeenlomakyla.fi\/de\/wp-json\/wp\/v2\/pages\/1946\/revisions"}],"predecessor-version":[{"id":24241,"href":"https:\/\/www.ruokkeenlomakyla.fi\/de\/wp-json\/wp\/v2\/pages\/1946\/revisions\/24241"}],"wp:featuredmedia":[{"embeddable":true,"href":"https:\/\/www.ruokkeenlomakyla.fi\/de\/wp-json\/wp\/v2\/media\/287"}],"wp:attachment":[{"href":"https:\/\/www.ruokkeenlomakyla.fi\/de\/wp-json\/wp\/v2\/media?parent=1946"}],"curies":[{"name":"wp","href":"https:\/\/api.w.org\/{rel}","templated":true}]}}